{"id":45,"date":"2020-11-07T14:21:44","date_gmt":"2020-11-07T13:21:44","guid":{"rendered":"http:\/\/dev.paulinecreations.fr\/?page_id=45"},"modified":"2022-04-03T18:00:52","modified_gmt":"2022-04-03T16:00:52","slug":"a-propos-de","status":"publish","type":"page","link":"https:\/\/www.paulinecreations.fr\/?page_id=45","title":{"rendered":"\u00c0 propos de"},"content":{"rendered":"<p>Hello ! Bienvenue dans mon nouveau projet !<\/p>\n<p>Tout d&rsquo;abord petite pr\u00e9sentation rapide, je m&rsquo;appelle Pauline j&rsquo;ai 25 ans, j&rsquo;ai plusieurs passions dont une que j&rsquo;ai choisi d&rsquo;\u00e9tudier (CAP, BEP, BAC pro)&#8230; la couture !!<br \/>\nAlors voil\u00e0 apr\u00e8s plusieurs ann\u00e9es, je me lance enfin \u00e0 mon compte !!<\/p>\n","protected":false},"excerpt":{"rendered":"<p>Hello ! Bienvenue dans mon nouveau projet ! Tout d&rsquo;abord petite pr\u00e9sentation rapide, je m&rsquo;appelle Pauline j&rsquo;ai 25 ans, j&rsquo;ai plusieurs passions dont une que j&rsquo;ai choisi d&rsquo;\u00e9tudier (CAP, BEP, BAC pro)&#8230; la couture !! Alors voil\u00e0 apr\u00e8s plusieurs ann\u00e9es, je me lance enfin \u00e0 mon compte !!<\/p>\n","protected":false},"author":1,"featured_media":191,"parent":0,"menu_order":0,"comment_status":"closed","ping_status":"closed","template":"","meta":{"footnotes":""},"class_list":["post-45","page","type-page","status-publish","has-post-thumbnail","hentry"],"yoast_head":"<!-- This site is optimized with the Yoast SEO plugin v27.0 - https:\/\/yoast.com\/product\/yoast-seo-wordpress\/ -->\n<title>\u00c0 propos de - PaulineCreations<\/title>\n<meta name=\"robots\" content=\"index, follow, max-snippet:-1, max-image-preview:large, max-video-preview:-1\" \/>\n<link rel=\"canonical\" href=\"https:\/\/www.paulinecreations.fr\/?page_id=45\" \/>\n<meta property=\"og:locale\" content=\"fr_FR\" \/>\n<meta property=\"og:type\" content=\"article\" \/>\n<meta property=\"og:title\" content=\"\u00c0 propos de - PaulineCreations\" \/>\n<meta property=\"og:description\" content=\"Hello ! Bienvenue dans mon nouveau projet ! Tout d&rsquo;abord petite pr\u00e9sentation rapide, je m&rsquo;appelle Pauline j&rsquo;ai 25 ans, j&rsquo;ai plusieurs passions dont une que j&rsquo;ai choisi d&rsquo;\u00e9tudier (CAP, BEP, BAC pro)&#8230; la couture !! Alors voil\u00e0 apr\u00e8s plusieurs ann\u00e9es, je me lance enfin \u00e0 mon compte !!\" \/>\n<meta property=\"og:url\" content=\"https:\/\/www.paulinecreations.fr\/?page_id=45\" \/>\n<meta property=\"og:site_name\" content=\"PaulineCreations\" \/>\n<meta property=\"article:modified_time\" content=\"2022-04-03T16:00:52+00:00\" \/>\n<meta property=\"og:image\" content=\"https:\/\/www.paulinecreations.fr\/wp-content\/uploads\/2022\/04\/20220403_170840-scaled.jpg\" \/>\n\t<meta property=\"og:image:width\" content=\"1440\" \/>\n\t<meta property=\"og:image:height\" content=\"1920\" \/>\n\t<meta property=\"og:image:type\" content=\"image\/jpeg\" \/>\n<meta name=\"twitter:card\" content=\"summary_large_image\" \/>\n<script type=\"application\/ld+json\" class=\"yoast-schema-graph\">{\"@context\":\"https:\/\/schema.org\",\"@graph\":[{\"@type\":\"WebPage\",\"@id\":\"https:\/\/www.paulinecreations.fr\/?page_id=45\",\"url\":\"https:\/\/www.paulinecreations.fr\/?page_id=45\",\"name\":\"\u00c0 propos de - PaulineCreations\",\"isPartOf\":{\"@id\":\"https:\/\/www.paulinecreations.fr\/#website\"},\"primaryImageOfPage\":{\"@id\":\"https:\/\/www.paulinecreations.fr\/?page_id=45#primaryimage\"},\"image\":{\"@id\":\"https:\/\/www.paulinecreations.fr\/?page_id=45#primaryimage\"},\"thumbnailUrl\":\"https:\/\/www.paulinecreations.fr\/wp-content\/uploads\/2022\/04\/20220403_170840-scaled.jpg\",\"datePublished\":\"2020-11-07T13:21:44+00:00\",\"dateModified\":\"2022-04-03T16:00:52+00:00\",\"breadcrumb\":{\"@id\":\"https:\/\/www.paulinecreations.fr\/?page_id=45#breadcrumb\"},\"inLanguage\":\"fr-FR\",\"potentialAction\":[{\"@type\":\"ReadAction\",\"target\":[\"https:\/\/www.paulinecreations.fr\/?page_id=45\"]}]},{\"@type\":\"ImageObject\",\"inLanguage\":\"fr-FR\",\"@id\":\"https:\/\/www.paulinecreations.fr\/?page_id=45#primaryimage\",\"url\":\"https:\/\/www.paulinecreations.fr\/wp-content\/uploads\/2022\/04\/20220403_170840-scaled.jpg\",\"contentUrl\":\"https:\/\/www.paulinecreations.fr\/wp-content\/uploads\/2022\/04\/20220403_170840-scaled.jpg\",\"width\":1440,\"height\":1920},{\"@type\":\"BreadcrumbList\",\"@id\":\"https:\/\/www.paulinecreations.fr\/?page_id=45#breadcrumb\",\"itemListElement\":[{\"@type\":\"ListItem\",\"position\":1,\"name\":\"Accueil\",\"item\":\"https:\/\/www.paulinecreations.fr\/\"},{\"@type\":\"ListItem\",\"position\":2,\"name\":\"\u00c0 propos de\"}]},{\"@type\":\"WebSite\",\"@id\":\"https:\/\/www.paulinecreations.fr\/#website\",\"url\":\"https:\/\/www.paulinecreations.fr\/\",\"name\":\"PaulineCreations\",\"description\":\"Cr\u00e9ations fait mains\",\"publisher\":{\"@id\":\"https:\/\/www.paulinecreations.fr\/#organization\"},\"potentialAction\":[{\"@type\":\"SearchAction\",\"target\":{\"@type\":\"EntryPoint\",\"urlTemplate\":\"https:\/\/www.paulinecreations.fr\/?s={search_term_string}\"},\"query-input\":{\"@type\":\"PropertyValueSpecification\",\"valueRequired\":true,\"valueName\":\"search_term_string\"}}],\"inLanguage\":\"fr-FR\"},{\"@type\":\"Organization\",\"@id\":\"https:\/\/www.paulinecreations.fr\/#organization\",\"name\":\"PaulineCreations\",\"url\":\"https:\/\/www.paulinecreations.fr\/\",\"logo\":{\"@type\":\"ImageObject\",\"inLanguage\":\"fr-FR\",\"@id\":\"https:\/\/www.paulinecreations.fr\/#\/schema\/logo\/image\/\",\"url\":\"https:\/\/www.paulinecreations.fr\/wp-content\/uploads\/2022\/03\/cropped-cropped-IMG-20210805-WA0000-1.jpg\",\"contentUrl\":\"https:\/\/www.paulinecreations.fr\/wp-content\/uploads\/2022\/03\/cropped-cropped-IMG-20210805-WA0000-1.jpg\",\"width\":1568,\"height\":697,\"caption\":\"PaulineCreations\"},\"image\":{\"@id\":\"https:\/\/www.paulinecreations.fr\/#\/schema\/logo\/image\/\"}}]}<\/script>\n<!-- \/ Yoast SEO plugin. -->","yoast_head_json":{"title":"\u00c0 propos de - PaulineCreations","robots":{"index":"index","follow":"follow","max-snippet":"max-snippet:-1","max-image-preview":"max-image-preview:large","max-video-preview":"max-video-preview:-1"},"canonical":"https:\/\/www.paulinecreations.fr\/?page_id=45","og_locale":"fr_FR","og_type":"article","og_title":"\u00c0 propos de - PaulineCreations","og_description":"Hello ! Bienvenue dans mon nouveau projet ! Tout d&rsquo;abord petite pr\u00e9sentation rapide, je m&rsquo;appelle Pauline j&rsquo;ai 25 ans, j&rsquo;ai plusieurs passions dont une que j&rsquo;ai choisi d&rsquo;\u00e9tudier (CAP, BEP, BAC pro)&#8230; la couture !! Alors voil\u00e0 apr\u00e8s plusieurs ann\u00e9es, je me lance enfin \u00e0 mon compte !!","og_url":"https:\/\/www.paulinecreations.fr\/?page_id=45","og_site_name":"PaulineCreations","article_modified_time":"2022-04-03T16:00:52+00:00","og_image":[{"width":1440,"height":1920,"url":"https:\/\/www.paulinecreations.fr\/wp-content\/uploads\/2022\/04\/20220403_170840-scaled.jpg","type":"image\/jpeg"}],"twitter_card":"summary_large_image","schema":{"@context":"https:\/\/schema.org","@graph":[{"@type":"WebPage","@id":"https:\/\/www.paulinecreations.fr\/?page_id=45","url":"https:\/\/www.paulinecreations.fr\/?page_id=45","name":"\u00c0 propos de - PaulineCreations","isPartOf":{"@id":"https:\/\/www.paulinecreations.fr\/#website"},"primaryImageOfPage":{"@id":"https:\/\/www.paulinecreations.fr\/?page_id=45#primaryimage"},"image":{"@id":"https:\/\/www.paulinecreations.fr\/?page_id=45#primaryimage"},"thumbnailUrl":"https:\/\/www.paulinecreations.fr\/wp-content\/uploads\/2022\/04\/20220403_170840-scaled.jpg","datePublished":"2020-11-07T13:21:44+00:00","dateModified":"2022-04-03T16:00:52+00:00","breadcrumb":{"@id":"https:\/\/www.paulinecreations.fr\/?page_id=45#breadcrumb"},"inLanguage":"fr-FR","potentialAction":[{"@type":"ReadAction","target":["https:\/\/www.paulinecreations.fr\/?page_id=45"]}]},{"@type":"ImageObject","inLanguage":"fr-FR","@id":"https:\/\/www.paulinecreations.fr\/?page_id=45#primaryimage","url":"https:\/\/www.paulinecreations.fr\/wp-content\/uploads\/2022\/04\/20220403_170840-scaled.jpg","contentUrl":"https:\/\/www.paulinecreations.fr\/wp-content\/uploads\/2022\/04\/20220403_170840-scaled.jpg","width":1440,"height":1920},{"@type":"BreadcrumbList","@id":"https:\/\/www.paulinecreations.fr\/?page_id=45#breadcrumb","itemListElement":[{"@type":"ListItem","position":1,"name":"Accueil","item":"https:\/\/www.paulinecreations.fr\/"},{"@type":"ListItem","position":2,"name":"\u00c0 propos de"}]},{"@type":"WebSite","@id":"https:\/\/www.paulinecreations.fr\/#website","url":"https:\/\/www.paulinecreations.fr\/","name":"PaulineCreations","description":"Cr\u00e9ations fait mains","publisher":{"@id":"https:\/\/www.paulinecreations.fr\/#organization"},"potentialAction":[{"@type":"SearchAction","target":{"@type":"EntryPoint","urlTemplate":"https:\/\/www.paulinecreations.fr\/?s={search_term_string}"},"query-input":{"@type":"PropertyValueSpecification","valueRequired":true,"valueName":"search_term_string"}}],"inLanguage":"fr-FR"},{"@type":"Organization","@id":"https:\/\/www.paulinecreations.fr\/#organization","name":"PaulineCreations","url":"https:\/\/www.paulinecreations.fr\/","logo":{"@type":"ImageObject","inLanguage":"fr-FR","@id":"https:\/\/www.paulinecreations.fr\/#\/schema\/logo\/image\/","url":"https:\/\/www.paulinecreations.fr\/wp-content\/uploads\/2022\/03\/cropped-cropped-IMG-20210805-WA0000-1.jpg","contentUrl":"https:\/\/www.paulinecreations.fr\/wp-content\/uploads\/2022\/03\/cropped-cropped-IMG-20210805-WA0000-1.jpg","width":1568,"height":697,"caption":"PaulineCreations"},"image":{"@id":"https:\/\/www.paulinecreations.fr\/#\/schema\/logo\/image\/"}}]}},"_links":{"self":[{"href":"https:\/\/www.paulinecreations.fr\/index.php?rest_route=\/wp\/v2\/pages\/45","targetHints":{"allow":["GET"]}}],"collection":[{"href":"https:\/\/www.paulinecreations.fr\/index.php?rest_route=\/wp\/v2\/pages"}],"about":[{"href":"https:\/\/www.paulinecreations.fr\/index.php?rest_route=\/wp\/v2\/types\/page"}],"author":[{"embeddable":true,"href":"https:\/\/www.paulinecreations.fr\/index.php?rest_route=\/wp\/v2\/users\/1"}],"replies":[{"embeddable":true,"href":"https:\/\/www.paulinecreations.fr\/index.php?rest_route=%2Fwp%2Fv2%2Fcomments&post=45"}],"version-history":[{"count":0,"href":"https:\/\/www.paulinecreations.fr\/index.php?rest_route=\/wp\/v2\/pages\/45\/revisions"}],"wp:featuredmedia":[{"embeddable":true,"href":"https:\/\/www.paulinecreations.fr\/index.php?rest_route=\/wp\/v2\/media\/191"}],"wp:attachment":[{"href":"https:\/\/www.paulinecreations.fr\/index.php?rest_route=%2Fwp%2Fv2%2Fmedia&parent=45"}],"curies":[{"name":"wp","href":"https:\/\/api.w.org\/{rel}","templated":true}]}}