{"id":309,"date":"2022-04-06T21:54:04","date_gmt":"2022-04-06T19:54:04","guid":{"rendered":"http:\/\/dev.paulinecreations.fr\/?page_id=309"},"modified":"2022-04-27T20:53:03","modified_gmt":"2022-04-27T18:53:03","slug":"sac-a-graines","status":"publish","type":"page","link":"https:\/\/www.paulinecreations.fr\/?page_id=309","title":{"rendered":"Sac \u00e0 vrac"},"content":{"rendered":"\t\t<div data-elementor-type=\"wp-page\" data-elementor-id=\"309\" class=\"elementor elementor-309\" data-elementor-post-type=\"page\">\n\t\t\t\t\t\t<section class=\"elementor-section elementor-top-section elementor-element elementor-element-73eec250 elementor-section-boxed elementor-section-height-default elementor-section-height-default\" data-id=\"73eec250\" data-element_type=\"section\" data-e-type=\"section\">\n\t\t\t\t\t\t<div class=\"elementor-container elementor-column-gap-default\">\n\t\t\t\t\t<div class=\"elementor-column elementor-col-100 elementor-top-column elementor-element elementor-element-36855c1d\" data-id=\"36855c1d\" data-element_type=\"column\" data-e-type=\"column\">\n\t\t\t<div class=\"elementor-widget-wrap elementor-element-populated\">\n\t\t\t\t\t\t<div class=\"elementor-element elementor-element-248e0e1d elementor-widget elementor-widget-text-editor\" data-id=\"248e0e1d\" data-element_type=\"widget\" data-e-type=\"widget\" data-widget_type=\"text-editor.default\">\n\t\t\t\t<div class=\"elementor-widget-container\">\n\t\t\t\t\t\t\t\t\t<p>Nous pouvons \u00e9galement d\u00e9couvrir dans la partie r\u00e9utilisable les sacs \u00e0 vrac. Id\u00e9al pour vos courses au magasin ou au march\u00e9<br>Existent en 2 tailles grand et petit formats, il permet de pouvoir s&rsquo;en servir pour remplacer les sachets plastiques qui participent \u00e9norm\u00e9ment \u00e0 la pollution actuelle ! Ils sont pratiques pour y mettre des produits alimentaires comme les c\u00e9r\u00e9ales, le riz, les p\u00e2tes, etc &#8230;au d\u00e9tail.<br>Disponibles \u00e9galement en plusieurs coloris ils sont r\u00e9alis\u00e9s en tissu coton Oeko-tex d&rsquo;une dimension de 20cmx24cmpour le plus grand et 19.5cmx16.5cm pour le plus petit.<br>Lavable \u00e0 la main ou en machine ils sont une bonne alternative au plastique. <\/p>\t\t\t\t\t\t\t\t<\/div>\n\t\t\t\t<\/div>\n\t\t\t\t\t<\/div>\n\t\t<\/div>\n\t\t\t\t\t<\/div>\n\t\t<\/section>\n\t\t\t\t<section class=\"elementor-section elementor-top-section elementor-element elementor-element-2a1012c elementor-section-boxed elementor-section-height-default elementor-section-height-default\" data-id=\"2a1012c\" data-element_type=\"section\" data-e-type=\"section\">\n\t\t\t\t\t\t<div class=\"elementor-container elementor-column-gap-default\">\n\t\t\t\t\t<div class=\"elementor-column elementor-col-100 elementor-top-column elementor-element elementor-element-6b6a6a4\" data-id=\"6b6a6a4\" data-element_type=\"column\" data-e-type=\"column\">\n\t\t\t<div class=\"elementor-widget-wrap elementor-element-populated\">\n\t\t\t\t\t\t<div class=\"elementor-element elementor-element-a29bfaf gallery-spacing-custom elementor-widget elementor-widget-image-gallery\" data-id=\"a29bfaf\" data-element_type=\"widget\" data-e-type=\"widget\" data-widget_type=\"image-gallery.default\">\n\t\t\t\t<div class=\"elementor-widget-container\">\n\t\t\t\t\t\t\t<div class=\"elementor-image-gallery\">\n\t\t\t<div id='gallery-1' class='gallery galleryid-309 gallery-columns-3 gallery-size-thumbnail'><figure class='gallery-item'>\n\t\t\t<div class='gallery-icon portrait'>\n\t\t\t\t<a data-elementor-open-lightbox=\"yes\" data-elementor-lightbox-slideshow=\"a29bfaf\" data-elementor-lightbox-title=\"cerise\" data-e-action-hash=\"#elementor-action%3Aaction%3Dlightbox%26settings%3DeyJpZCI6ODYsInVybCI6Imh0dHBzOlwvXC93d3cucGF1bGluZWNyZWF0aW9ucy5mclwvd3AtY29udGVudFwvdXBsb2Fkc1wvMjAyMlwvMDNcLzIwMjIwMzIxXzE2MzIyNy1zY2FsZWQuanBnIiwic2xpZGVzaG93IjoiYTI5YmZhZiJ9\" href='https:\/\/www.paulinecreations.fr\/wp-content\/uploads\/2022\/03\/20220321_163227-scaled.jpg'><img decoding=\"async\" width=\"150\" height=\"150\" src=\"https:\/\/www.paulinecreations.fr\/wp-content\/uploads\/2022\/03\/20220321_163227-150x150.jpg\" class=\"attachment-thumbnail size-thumbnail\" alt=\"\" aria-describedby=\"gallery-1-86\" srcset=\"https:\/\/www.paulinecreations.fr\/wp-content\/uploads\/2022\/03\/20220321_163227-150x150.jpg 150w, https:\/\/www.paulinecreations.fr\/wp-content\/uploads\/2022\/03\/20220321_163227-scaled-300x300.jpg 300w, https:\/\/www.paulinecreations.fr\/wp-content\/uploads\/2022\/03\/20220321_163227-scaled-100x100.jpg 100w\" sizes=\"(max-width: 150px) 100vw, 150px\" \/><\/a>\n\t\t\t<\/div>\n\t\t\t\t<figcaption class='wp-caption-text gallery-caption' id='gallery-1-86'>\n\t\t\t\tCerises\n\t\t\t\t<\/figcaption><\/figure><figure class='gallery-item'>\n\t\t\t<div class='gallery-icon portrait'>\n\t\t\t\t<a data-elementor-open-lightbox=\"yes\" data-elementor-lightbox-slideshow=\"a29bfaf\" data-elementor-lightbox-title=\"cerise\" data-e-action-hash=\"#elementor-action%3Aaction%3Dlightbox%26settings%3DeyJpZCI6ODcsInVybCI6Imh0dHBzOlwvXC93d3cucGF1bGluZWNyZWF0aW9ucy5mclwvd3AtY29udGVudFwvdXBsb2Fkc1wvMjAyMlwvMDNcLzIwMjIwMzIxXzE2MzIzOS1zY2FsZWQuanBnIiwic2xpZGVzaG93IjoiYTI5YmZhZiJ9\" href='https:\/\/www.paulinecreations.fr\/wp-content\/uploads\/2022\/03\/20220321_163239-scaled.jpg'><img decoding=\"async\" width=\"150\" height=\"150\" src=\"https:\/\/www.paulinecreations.fr\/wp-content\/uploads\/2022\/03\/20220321_163239-150x150.jpg\" class=\"attachment-thumbnail size-thumbnail\" alt=\"\" aria-describedby=\"gallery-1-87\" srcset=\"https:\/\/www.paulinecreations.fr\/wp-content\/uploads\/2022\/03\/20220321_163239-150x150.jpg 150w, https:\/\/www.paulinecreations.fr\/wp-content\/uploads\/2022\/03\/20220321_163239-scaled-300x300.jpg 300w, https:\/\/www.paulinecreations.fr\/wp-content\/uploads\/2022\/03\/20220321_163239-scaled-100x100.jpg 100w\" sizes=\"(max-width: 150px) 100vw, 150px\" \/><\/a>\n\t\t\t<\/div>\n\t\t\t\t<figcaption class='wp-caption-text gallery-caption' id='gallery-1-87'>\n\t\t\t\tCerises \/ Bleu\n\t\t\t\t<\/figcaption><\/figure><figure class='gallery-item'>\n\t\t\t<div class='gallery-icon portrait'>\n\t\t\t\t<a data-elementor-open-lightbox=\"yes\" data-elementor-lightbox-slideshow=\"a29bfaf\" data-elementor-lightbox-title=\"trefles\" data-e-action-hash=\"#elementor-action%3Aaction%3Dlightbox%26settings%3DeyJpZCI6ODgsInVybCI6Imh0dHBzOlwvXC93d3cucGF1bGluZWNyZWF0aW9ucy5mclwvd3AtY29udGVudFwvdXBsb2Fkc1wvMjAyMlwvMDNcLzIwMjIwMzIxXzE2MzI0OS1zY2FsZWQuanBnIiwic2xpZGVzaG93IjoiYTI5YmZhZiJ9\" href='https:\/\/www.paulinecreations.fr\/wp-content\/uploads\/2022\/03\/20220321_163249-scaled.jpg'><img decoding=\"async\" width=\"150\" height=\"150\" src=\"https:\/\/www.paulinecreations.fr\/wp-content\/uploads\/2022\/03\/20220321_163249-150x150.jpg\" class=\"attachment-thumbnail size-thumbnail\" alt=\"\" aria-describedby=\"gallery-1-88\" srcset=\"https:\/\/www.paulinecreations.fr\/wp-content\/uploads\/2022\/03\/20220321_163249-150x150.jpg 150w, https:\/\/www.paulinecreations.fr\/wp-content\/uploads\/2022\/03\/20220321_163249-scaled-300x300.jpg 300w, https:\/\/www.paulinecreations.fr\/wp-content\/uploads\/2022\/03\/20220321_163249-scaled-100x100.jpg 100w\" sizes=\"(max-width: 150px) 100vw, 150px\" \/><\/a>\n\t\t\t<\/div>\n\t\t\t\t<figcaption class='wp-caption-text gallery-caption' id='gallery-1-88'>\n\t\t\t\tTr\u00e8fles\n\t\t\t\t<\/figcaption><\/figure><figure class='gallery-item'>\n\t\t\t<div class='gallery-icon portrait'>\n\t\t\t\t<a data-elementor-open-lightbox=\"yes\" data-elementor-lightbox-slideshow=\"a29bfaf\" data-elementor-lightbox-title=\"fraises\" data-e-action-hash=\"#elementor-action%3Aaction%3Dlightbox%26settings%3DeyJpZCI6MTQ0LCJ1cmwiOiJodHRwczpcL1wvd3d3LnBhdWxpbmVjcmVhdGlvbnMuZnJcL3dwLWNvbnRlbnRcL3VwbG9hZHNcLzIwMjJcLzAzXC8yMDIyMDMyMV8xNjMyMTUtc2NhbGVkLmpwZyIsInNsaWRlc2hvdyI6ImEyOWJmYWYifQ%3D%3D\" href='https:\/\/www.paulinecreations.fr\/wp-content\/uploads\/2022\/03\/20220321_163215-scaled.jpg'><img loading=\"lazy\" decoding=\"async\" width=\"150\" height=\"150\" src=\"https:\/\/www.paulinecreations.fr\/wp-content\/uploads\/2022\/03\/20220321_163215-150x150.jpg\" class=\"attachment-thumbnail size-thumbnail\" alt=\"\" aria-describedby=\"gallery-1-144\" srcset=\"https:\/\/www.paulinecreations.fr\/wp-content\/uploads\/2022\/03\/20220321_163215-150x150.jpg 150w, https:\/\/www.paulinecreations.fr\/wp-content\/uploads\/2022\/03\/20220321_163215-scaled-300x300.jpg 300w, https:\/\/www.paulinecreations.fr\/wp-content\/uploads\/2022\/03\/20220321_163215-scaled-100x100.jpg 100w\" sizes=\"(max-width: 150px) 100vw, 150px\" \/><\/a>\n\t\t\t<\/div>\n\t\t\t\t<figcaption class='wp-caption-text gallery-caption' id='gallery-1-144'>\n\t\t\t\tFraises\n\t\t\t\t<\/figcaption><\/figure><figure class='gallery-item'>\n\t\t\t<div class='gallery-icon portrait'>\n\t\t\t\t<a data-elementor-open-lightbox=\"yes\" data-elementor-lightbox-slideshow=\"a29bfaf\" data-elementor-lightbox-title=\"figues\" data-e-action-hash=\"#elementor-action%3Aaction%3Dlightbox%26settings%3DeyJpZCI6NDMyLCJ1cmwiOiJodHRwczpcL1wvd3d3LnBhdWxpbmVjcmVhdGlvbnMuZnJcL3dwLWNvbnRlbnRcL3VwbG9hZHNcLzIwMjJcLzA0XC8yMDIyMDQxMl8xNzIwMTgtc2NhbGVkLmpwZyIsInNsaWRlc2hvdyI6ImEyOWJmYWYifQ%3D%3D\" href='https:\/\/www.paulinecreations.fr\/wp-content\/uploads\/2022\/04\/20220412_172018-scaled.jpg'><img loading=\"lazy\" decoding=\"async\" width=\"150\" height=\"150\" src=\"https:\/\/www.paulinecreations.fr\/wp-content\/uploads\/2022\/04\/20220412_172018-150x150.jpg\" class=\"attachment-thumbnail size-thumbnail\" alt=\"\" aria-describedby=\"gallery-1-432\" srcset=\"https:\/\/www.paulinecreations.fr\/wp-content\/uploads\/2022\/04\/20220412_172018-150x150.jpg 150w, https:\/\/www.paulinecreations.fr\/wp-content\/uploads\/2022\/04\/20220412_172018-300x300.jpg 300w, https:\/\/www.paulinecreations.fr\/wp-content\/uploads\/2022\/04\/20220412_172018-scaled-100x100.jpg 100w, https:\/\/www.paulinecreations.fr\/wp-content\/uploads\/2022\/04\/20220412_172018-75x75.jpg 75w\" sizes=\"(max-width: 150px) 100vw, 150px\" \/><\/a>\n\t\t\t<\/div>\n\t\t\t\t<figcaption class='wp-caption-text gallery-caption' id='gallery-1-432'>\n\t\t\t\tFigues\n\t\t\t\t<\/figcaption><\/figure><figure class='gallery-item'>\n\t\t\t<div class='gallery-icon portrait'>\n\t\t\t\t<a data-elementor-open-lightbox=\"yes\" data-elementor-lightbox-slideshow=\"a29bfaf\" data-elementor-lightbox-title=\"framboises\" data-e-action-hash=\"#elementor-action%3Aaction%3Dlightbox%26settings%3DeyJpZCI6NDM2LCJ1cmwiOiJodHRwczpcL1wvd3d3LnBhdWxpbmVjcmVhdGlvbnMuZnJcL3dwLWNvbnRlbnRcL3VwbG9hZHNcLzIwMjJcLzA0XC8yMDIyMDQxM18xNzI0MDMtc2NhbGVkLmpwZyIsInNsaWRlc2hvdyI6ImEyOWJmYWYifQ%3D%3D\" href='https:\/\/www.paulinecreations.fr\/wp-content\/uploads\/2022\/04\/20220413_172403-scaled.jpg'><img loading=\"lazy\" decoding=\"async\" width=\"150\" height=\"150\" src=\"https:\/\/www.paulinecreations.fr\/wp-content\/uploads\/2022\/04\/20220413_172403-150x150.jpg\" class=\"attachment-thumbnail size-thumbnail\" alt=\"\" aria-describedby=\"gallery-1-436\" srcset=\"https:\/\/www.paulinecreations.fr\/wp-content\/uploads\/2022\/04\/20220413_172403-150x150.jpg 150w, https:\/\/www.paulinecreations.fr\/wp-content\/uploads\/2022\/04\/20220413_172403-300x300.jpg 300w, https:\/\/www.paulinecreations.fr\/wp-content\/uploads\/2022\/04\/20220413_172403-scaled-100x100.jpg 100w, https:\/\/www.paulinecreations.fr\/wp-content\/uploads\/2022\/04\/20220413_172403-75x75.jpg 75w\" sizes=\"(max-width: 150px) 100vw, 150px\" \/><\/a>\n\t\t\t<\/div>\n\t\t\t\t<figcaption class='wp-caption-text gallery-caption' id='gallery-1-436'>\n\t\t\t\tFramboises\n\t\t\t\t<\/figcaption><\/figure><figure class='gallery-item'>\n\t\t\t<div class='gallery-icon portrait'>\n\t\t\t\t<a data-elementor-open-lightbox=\"yes\" data-elementor-lightbox-slideshow=\"a29bfaf\" data-elementor-lightbox-title=\"fruits\" data-e-action-hash=\"#elementor-action%3Aaction%3Dlightbox%26settings%3DeyJpZCI6NDM3LCJ1cmwiOiJodHRwczpcL1wvd3d3LnBhdWxpbmVjcmVhdGlvbnMuZnJcL3dwLWNvbnRlbnRcL3VwbG9hZHNcLzIwMjJcLzA0XC8yMDIyMDQxM18xNzI0MjMtc2NhbGVkLmpwZyIsInNsaWRlc2hvdyI6ImEyOWJmYWYifQ%3D%3D\" href='https:\/\/www.paulinecreations.fr\/wp-content\/uploads\/2022\/04\/20220413_172423-scaled.jpg'><img loading=\"lazy\" decoding=\"async\" width=\"150\" height=\"150\" src=\"https:\/\/www.paulinecreations.fr\/wp-content\/uploads\/2022\/04\/20220413_172423-150x150.jpg\" class=\"attachment-thumbnail size-thumbnail\" alt=\"\" aria-describedby=\"gallery-1-437\" srcset=\"https:\/\/www.paulinecreations.fr\/wp-content\/uploads\/2022\/04\/20220413_172423-150x150.jpg 150w, https:\/\/www.paulinecreations.fr\/wp-content\/uploads\/2022\/04\/20220413_172423-300x300.jpg 300w, https:\/\/www.paulinecreations.fr\/wp-content\/uploads\/2022\/04\/20220413_172423-scaled-100x100.jpg 100w, https:\/\/www.paulinecreations.fr\/wp-content\/uploads\/2022\/04\/20220413_172423-75x75.jpg 75w\" sizes=\"(max-width: 150px) 100vw, 150px\" \/><\/a>\n\t\t\t<\/div>\n\t\t\t\t<figcaption class='wp-caption-text gallery-caption' id='gallery-1-437'>\n\t\t\t\tFruits Rouges\n\t\t\t\t<\/figcaption><\/figure>\n\t\t<\/div>\n\t\t<\/div>\n\t\t\t\t\t\t<\/div>\n\t\t\t\t<\/div>\n\t\t\t\t\t<\/div>\n\t\t<\/div>\n\t\t\t\t\t<\/div>\n\t\t<\/section>\n\t\t\t\t<section class=\"elementor-section elementor-top-section elementor-element elementor-element-3366782 elementor-section-boxed elementor-section-height-default elementor-section-height-default\" data-id=\"3366782\" data-element_type=\"section\" data-e-type=\"section\">\n\t\t\t\t\t\t<div class=\"elementor-container elementor-column-gap-default\">\n\t\t\t\t\t<div class=\"elementor-column elementor-col-100 elementor-top-column elementor-element elementor-element-63a11db\" data-id=\"63a11db\" data-element_type=\"column\" data-e-type=\"column\">\n\t\t\t<div class=\"elementor-widget-wrap elementor-element-populated\">\n\t\t\t\t\t\t<div class=\"elementor-element elementor-element-3f0458c elementor-widget elementor-widget-text-editor\" data-id=\"3f0458c\" data-element_type=\"widget\" data-e-type=\"widget\" data-widget_type=\"text-editor.default\">\n\t\t\t\t<div class=\"elementor-widget-container\">\n\t\t\t\t\t\t\t\t\t<h4><span style=\"text-decoration: underline;\"><strong>Conseil d&rsquo;entretien :<\/strong><\/span><\/h4>\n<p>-Lavage \u00e0 30\u00b0C <br>-S\u00e9chage doux<br>-Repassage \u00e0 temp\u00e9rature mod\u00e9r\u00e9e<br>-Pas de produits de blanchiment&nbsp;!<\/p>\n<p>PaulineCr\u00e9ationsFR<\/p>\t\t\t\t\t\t\t\t<\/div>\n\t\t\t\t<\/div>\n\t\t\t\t\t<\/div>\n\t\t<\/div>\n\t\t\t\t\t<\/div>\n\t\t<\/section>\n\t\t\t\t<\/div>\n\t\t","protected":false},"excerpt":{"rendered":"<p>Nous pouvons \u00e9galement d\u00e9couvrir dans la partie r\u00e9utilisable les sacs \u00e0 vrac. Id\u00e9al pour vos courses au magasin ou au march\u00e9Existent en 2 tailles grand et petit formats, il permet de pouvoir s&rsquo;en servir pour remplacer les sachets plastiques qui participent \u00e9norm\u00e9ment \u00e0 la pollution actuelle ! Ils sont pratiques pour y mettre des produits alimentaires comme les c\u00e9r\u00e9ales, le riz, les p\u00e2tes, etc &#8230;au d\u00e9tail.Disponibles \u00e9galement en plusieurs coloris ils sont r\u00e9alis\u00e9s en tissu coton Oeko-tex d&rsquo;une dimension de 20cmx24cmpour le plus grand et 19.5cmx16.5cm pour le plus petit.Lavable \u00e0 la main ou en machine ils sont une bonne alternative au plastique. Cerises Cerises \/ Bleu Tr\u00e8fles Fraises Figues Framboises Fruits Rouges Conseil d&rsquo;entretien : -Lavage \u00e0 30\u00b0C -S\u00e9chage doux-Repassage \u00e0 temp\u00e9rature mod\u00e9r\u00e9e-Pas de produits de blanchiment&nbsp;! PaulineCr\u00e9ationsFR<\/p>\n","protected":false},"author":1,"featured_media":0,"parent":0,"menu_order":0,"comment_status":"closed","ping_status":"closed","template":"","meta":{"footnotes":""},"class_list":["post-309","page","type-page","status-publish","hentry"],"yoast_head":"<!-- This site is optimized with the Yoast SEO plugin v27.0 - https:\/\/yoast.com\/product\/yoast-seo-wordpress\/ -->\n<title>Sac \u00e0 vrac - PaulineCreations<\/title>\n<meta name=\"robots\" content=\"index, follow, max-snippet:-1, max-image-preview:large, max-video-preview:-1\" \/>\n<link rel=\"canonical\" href=\"https:\/\/www.paulinecreations.fr\/?page_id=309\" \/>\n<meta property=\"og:locale\" content=\"fr_FR\" \/>\n<meta property=\"og:type\" content=\"article\" \/>\n<meta property=\"og:title\" content=\"Sac \u00e0 vrac - PaulineCreations\" \/>\n<meta property=\"og:description\" content=\"Nous pouvons \u00e9galement d\u00e9couvrir dans la partie r\u00e9utilisable les sacs \u00e0 vrac. Id\u00e9al pour vos courses au magasin ou au march\u00e9Existent en 2 tailles grand et petit formats, il permet de pouvoir s&rsquo;en servir pour remplacer les sachets plastiques qui participent \u00e9norm\u00e9ment \u00e0 la pollution actuelle ! Ils sont pratiques pour y mettre des produits alimentaires comme les c\u00e9r\u00e9ales, le riz, les p\u00e2tes, etc &#8230;au d\u00e9tail.Disponibles \u00e9galement en plusieurs coloris ils sont r\u00e9alis\u00e9s en tissu coton Oeko-tex d&rsquo;une dimension de 20cmx24cmpour le plus grand et 19.5cmx16.5cm pour le plus petit.Lavable \u00e0 la main ou en machine ils sont une bonne alternative au plastique. Cerises Cerises \/ Bleu Tr\u00e8fles Fraises Figues Framboises Fruits Rouges Conseil d&rsquo;entretien : -Lavage \u00e0 30\u00b0C -S\u00e9chage doux-Repassage \u00e0 temp\u00e9rature mod\u00e9r\u00e9e-Pas de produits de blanchiment&nbsp;! PaulineCr\u00e9ationsFR\" \/>\n<meta property=\"og:url\" content=\"https:\/\/www.paulinecreations.fr\/?page_id=309\" \/>\n<meta property=\"og:site_name\" content=\"PaulineCreations\" \/>\n<meta property=\"article:modified_time\" content=\"2022-04-27T18:53:03+00:00\" \/>\n<meta property=\"og:image\" content=\"https:\/\/www.paulinecreations.fr\/wp-content\/uploads\/2022\/03\/20220321_163227-150x150.jpg\" \/>\n<meta name=\"twitter:card\" content=\"summary_large_image\" \/>\n<meta name=\"twitter:label1\" content=\"Dur\u00e9e de lecture estim\u00e9e\" \/>\n\t<meta name=\"twitter:data1\" content=\"1 minute\" \/>\n<script type=\"application\/ld+json\" class=\"yoast-schema-graph\">{\"@context\":\"https:\/\/schema.org\",\"@graph\":[{\"@type\":\"WebPage\",\"@id\":\"https:\/\/www.paulinecreations.fr\/?page_id=309\",\"url\":\"https:\/\/www.paulinecreations.fr\/?page_id=309\",\"name\":\"Sac \u00e0 vrac - PaulineCreations\",\"isPartOf\":{\"@id\":\"https:\/\/www.paulinecreations.fr\/#website\"},\"primaryImageOfPage\":{\"@id\":\"https:\/\/www.paulinecreations.fr\/?page_id=309#primaryimage\"},\"image\":{\"@id\":\"https:\/\/www.paulinecreations.fr\/?page_id=309#primaryimage\"},\"thumbnailUrl\":\"https:\/\/www.paulinecreations.fr\/wp-content\/uploads\/2022\/03\/20220321_163227-150x150.jpg\",\"datePublished\":\"2022-04-06T19:54:04+00:00\",\"dateModified\":\"2022-04-27T18:53:03+00:00\",\"breadcrumb\":{\"@id\":\"https:\/\/www.paulinecreations.fr\/?page_id=309#breadcrumb\"},\"inLanguage\":\"fr-FR\",\"potentialAction\":[{\"@type\":\"ReadAction\",\"target\":[\"https:\/\/www.paulinecreations.fr\/?page_id=309\"]}]},{\"@type\":\"ImageObject\",\"inLanguage\":\"fr-FR\",\"@id\":\"https:\/\/www.paulinecreations.fr\/?page_id=309#primaryimage\",\"url\":\"https:\/\/www.paulinecreations.fr\/wp-content\/uploads\/2022\/03\/20220321_163227-scaled.jpg\",\"contentUrl\":\"https:\/\/www.paulinecreations.fr\/wp-content\/uploads\/2022\/03\/20220321_163227-scaled.jpg\",\"width\":1440,\"height\":1920,\"caption\":\"Cerises\"},{\"@type\":\"BreadcrumbList\",\"@id\":\"https:\/\/www.paulinecreations.fr\/?page_id=309#breadcrumb\",\"itemListElement\":[{\"@type\":\"ListItem\",\"position\":1,\"name\":\"Accueil\",\"item\":\"https:\/\/www.paulinecreations.fr\/\"},{\"@type\":\"ListItem\",\"position\":2,\"name\":\"Sac \u00e0 vrac\"}]},{\"@type\":\"WebSite\",\"@id\":\"https:\/\/www.paulinecreations.fr\/#website\",\"url\":\"https:\/\/www.paulinecreations.fr\/\",\"name\":\"PaulineCreations\",\"description\":\"Cr\u00e9ations fait mains\",\"publisher\":{\"@id\":\"https:\/\/www.paulinecreations.fr\/#organization\"},\"potentialAction\":[{\"@type\":\"SearchAction\",\"target\":{\"@type\":\"EntryPoint\",\"urlTemplate\":\"https:\/\/www.paulinecreations.fr\/?s={search_term_string}\"},\"query-input\":{\"@type\":\"PropertyValueSpecification\",\"valueRequired\":true,\"valueName\":\"search_term_string\"}}],\"inLanguage\":\"fr-FR\"},{\"@type\":\"Organization\",\"@id\":\"https:\/\/www.paulinecreations.fr\/#organization\",\"name\":\"PaulineCreations\",\"url\":\"https:\/\/www.paulinecreations.fr\/\",\"logo\":{\"@type\":\"ImageObject\",\"inLanguage\":\"fr-FR\",\"@id\":\"https:\/\/www.paulinecreations.fr\/#\/schema\/logo\/image\/\",\"url\":\"https:\/\/www.paulinecreations.fr\/wp-content\/uploads\/2022\/03\/cropped-cropped-IMG-20210805-WA0000-1.jpg\",\"contentUrl\":\"https:\/\/www.paulinecreations.fr\/wp-content\/uploads\/2022\/03\/cropped-cropped-IMG-20210805-WA0000-1.jpg\",\"width\":1568,\"height\":697,\"caption\":\"PaulineCreations\"},\"image\":{\"@id\":\"https:\/\/www.paulinecreations.fr\/#\/schema\/logo\/image\/\"}}]}<\/script>\n<!-- \/ Yoast SEO plugin. -->","yoast_head_json":{"title":"Sac \u00e0 vrac - PaulineCreations","robots":{"index":"index","follow":"follow","max-snippet":"max-snippet:-1","max-image-preview":"max-image-preview:large","max-video-preview":"max-video-preview:-1"},"canonical":"https:\/\/www.paulinecreations.fr\/?page_id=309","og_locale":"fr_FR","og_type":"article","og_title":"Sac \u00e0 vrac - PaulineCreations","og_description":"Nous pouvons \u00e9galement d\u00e9couvrir dans la partie r\u00e9utilisable les sacs \u00e0 vrac. Id\u00e9al pour vos courses au magasin ou au march\u00e9Existent en 2 tailles grand et petit formats, il permet de pouvoir s&rsquo;en servir pour remplacer les sachets plastiques qui participent \u00e9norm\u00e9ment \u00e0 la pollution actuelle ! Ils sont pratiques pour y mettre des produits alimentaires comme les c\u00e9r\u00e9ales, le riz, les p\u00e2tes, etc &#8230;au d\u00e9tail.Disponibles \u00e9galement en plusieurs coloris ils sont r\u00e9alis\u00e9s en tissu coton Oeko-tex d&rsquo;une dimension de 20cmx24cmpour le plus grand et 19.5cmx16.5cm pour le plus petit.Lavable \u00e0 la main ou en machine ils sont une bonne alternative au plastique. Cerises Cerises \/ Bleu Tr\u00e8fles Fraises Figues Framboises Fruits Rouges Conseil d&rsquo;entretien : -Lavage \u00e0 30\u00b0C -S\u00e9chage doux-Repassage \u00e0 temp\u00e9rature mod\u00e9r\u00e9e-Pas de produits de blanchiment&nbsp;! PaulineCr\u00e9ationsFR","og_url":"https:\/\/www.paulinecreations.fr\/?page_id=309","og_site_name":"PaulineCreations","article_modified_time":"2022-04-27T18:53:03+00:00","og_image":[{"url":"https:\/\/www.paulinecreations.fr\/wp-content\/uploads\/2022\/03\/20220321_163227-150x150.jpg","type":"","width":"","height":""}],"twitter_card":"summary_large_image","twitter_misc":{"Dur\u00e9e de lecture estim\u00e9e":"1 minute"},"schema":{"@context":"https:\/\/schema.org","@graph":[{"@type":"WebPage","@id":"https:\/\/www.paulinecreations.fr\/?page_id=309","url":"https:\/\/www.paulinecreations.fr\/?page_id=309","name":"Sac \u00e0 vrac - PaulineCreations","isPartOf":{"@id":"https:\/\/www.paulinecreations.fr\/#website"},"primaryImageOfPage":{"@id":"https:\/\/www.paulinecreations.fr\/?page_id=309#primaryimage"},"image":{"@id":"https:\/\/www.paulinecreations.fr\/?page_id=309#primaryimage"},"thumbnailUrl":"https:\/\/www.paulinecreations.fr\/wp-content\/uploads\/2022\/03\/20220321_163227-150x150.jpg","datePublished":"2022-04-06T19:54:04+00:00","dateModified":"2022-04-27T18:53:03+00:00","breadcrumb":{"@id":"https:\/\/www.paulinecreations.fr\/?page_id=309#breadcrumb"},"inLanguage":"fr-FR","potentialAction":[{"@type":"ReadAction","target":["https:\/\/www.paulinecreations.fr\/?page_id=309"]}]},{"@type":"ImageObject","inLanguage":"fr-FR","@id":"https:\/\/www.paulinecreations.fr\/?page_id=309#primaryimage","url":"https:\/\/www.paulinecreations.fr\/wp-content\/uploads\/2022\/03\/20220321_163227-scaled.jpg","contentUrl":"https:\/\/www.paulinecreations.fr\/wp-content\/uploads\/2022\/03\/20220321_163227-scaled.jpg","width":1440,"height":1920,"caption":"Cerises"},{"@type":"BreadcrumbList","@id":"https:\/\/www.paulinecreations.fr\/?page_id=309#breadcrumb","itemListElement":[{"@type":"ListItem","position":1,"name":"Accueil","item":"https:\/\/www.paulinecreations.fr\/"},{"@type":"ListItem","position":2,"name":"Sac \u00e0 vrac"}]},{"@type":"WebSite","@id":"https:\/\/www.paulinecreations.fr\/#website","url":"https:\/\/www.paulinecreations.fr\/","name":"PaulineCreations","description":"Cr\u00e9ations fait mains","publisher":{"@id":"https:\/\/www.paulinecreations.fr\/#organization"},"potentialAction":[{"@type":"SearchAction","target":{"@type":"EntryPoint","urlTemplate":"https:\/\/www.paulinecreations.fr\/?s={search_term_string}"},"query-input":{"@type":"PropertyValueSpecification","valueRequired":true,"valueName":"search_term_string"}}],"inLanguage":"fr-FR"},{"@type":"Organization","@id":"https:\/\/www.paulinecreations.fr\/#organization","name":"PaulineCreations","url":"https:\/\/www.paulinecreations.fr\/","logo":{"@type":"ImageObject","inLanguage":"fr-FR","@id":"https:\/\/www.paulinecreations.fr\/#\/schema\/logo\/image\/","url":"https:\/\/www.paulinecreations.fr\/wp-content\/uploads\/2022\/03\/cropped-cropped-IMG-20210805-WA0000-1.jpg","contentUrl":"https:\/\/www.paulinecreations.fr\/wp-content\/uploads\/2022\/03\/cropped-cropped-IMG-20210805-WA0000-1.jpg","width":1568,"height":697,"caption":"PaulineCreations"},"image":{"@id":"https:\/\/www.paulinecreations.fr\/#\/schema\/logo\/image\/"}}]}},"_links":{"self":[{"href":"https:\/\/www.paulinecreations.fr\/index.php?rest_route=\/wp\/v2\/pages\/309","targetHints":{"allow":["GET"]}}],"collection":[{"href":"https:\/\/www.paulinecreations.fr\/index.php?rest_route=\/wp\/v2\/pages"}],"about":[{"href":"https:\/\/www.paulinecreations.fr\/index.php?rest_route=\/wp\/v2\/types\/page"}],"author":[{"embeddable":true,"href":"https:\/\/www.paulinecreations.fr\/index.php?rest_route=\/wp\/v2\/users\/1"}],"replies":[{"embeddable":true,"href":"https:\/\/www.paulinecreations.fr\/index.php?rest_route=%2Fwp%2Fv2%2Fcomments&post=309"}],"version-history":[{"count":0,"href":"https:\/\/www.paulinecreations.fr\/index.php?rest_route=\/wp\/v2\/pages\/309\/revisions"}],"wp:attachment":[{"href":"https:\/\/www.paulinecreations.fr\/index.php?rest_route=%2Fwp%2Fv2%2Fmedia&parent=309"}],"curies":[{"name":"wp","href":"https:\/\/api.w.org\/{rel}","templated":true}]}}