{"id":304,"date":"2022-04-06T21:52:51","date_gmt":"2022-04-06T19:52:51","guid":{"rendered":"http:\/\/dev.paulinecreations.fr\/?page_id=304"},"modified":"2022-08-02T23:42:33","modified_gmt":"2022-08-02T21:42:33","slug":"livres-de-coloriage-lavable","status":"publish","type":"page","link":"https:\/\/www.paulinecreations.fr\/?page_id=304","title":{"rendered":"Livres de coloriage lavable"},"content":{"rendered":"\t\t<div data-elementor-type=\"wp-page\" data-elementor-id=\"304\" class=\"elementor elementor-304\" data-elementor-post-type=\"page\">\n\t\t\t\t\t\t<section class=\"elementor-section elementor-top-section elementor-element elementor-element-52316614 elementor-section-boxed elementor-section-height-default elementor-section-height-default\" data-id=\"52316614\" data-element_type=\"section\" data-e-type=\"section\">\n\t\t\t\t\t\t<div class=\"elementor-container elementor-column-gap-default\">\n\t\t\t\t\t<div class=\"elementor-column elementor-col-100 elementor-top-column elementor-element elementor-element-16ce3807\" data-id=\"16ce3807\" data-element_type=\"column\" data-e-type=\"column\">\n\t\t\t<div class=\"elementor-widget-wrap elementor-element-populated\">\n\t\t\t\t\t\t<div class=\"elementor-element elementor-element-76757732 elementor-widget elementor-widget-text-editor\" data-id=\"76757732\" data-element_type=\"widget\" data-e-type=\"widget\" data-widget_type=\"text-editor.default\">\n\t\t\t\t<div class=\"elementor-widget-container\">\n\t\t\t\t\t\t\t\t\t<p><\/p>\n<p>Toujours dans le z\u00e9ro d\u00e9chet, le livre de coloriage lavable et r\u00e9utilisable \u00e0 20\u20ac, il est possible de le personnaliser avec un pr\u00e9nom pour 5\u20ac.<\/p>\n<p>Ce livre est id\u00e9al pour les enfants \u00e0 partir de 2 ans, il pourra le transporter partout avec lui, pour l&rsquo;occuper dans une salle d&rsquo;attente, en voiture, vacances, sorties etc.. ou m\u00eame se glisser dans un sac.<\/p>\n<p>Contient 6 pages de coloriages avec 6 th\u00e8mes diff\u00e9rents ainsi qu&rsquo;une patte pour y ranger jusqu&rsquo;\u00e0 10 feutres (4 feutres inclus).<\/p>\n<p>Utilisez uniquement des feutres \u00e0 base d&rsquo;eau ou lavables pour laisser l&rsquo;imagination de l&rsquo;enfant prendre place dans ce livre personnalisable avec son pr\u00e9nom.<\/p>\n<p>Celui-ci peut aussi \u00eatre un cadeau id\u00e9al \u00e0 offrir !<\/p>\n<p>Les th\u00e8mes \u00e0 l&rsquo;int\u00e9rieur sont orient\u00e9s (G) pour gar\u00e7on, (F) pour fille et (M) mixte fille\/ gar\u00e7on en fonction des variantes des livres.<\/p>\n<p><\/p>\t\t\t\t\t\t\t\t<\/div>\n\t\t\t\t<\/div>\n\t\t\t\t\t<\/div>\n\t\t<\/div>\n\t\t\t\t\t<\/div>\n\t\t<\/section>\n\t\t\t\t<section class=\"elementor-section elementor-top-section elementor-element elementor-element-992be4e elementor-section-boxed elementor-section-height-default elementor-section-height-default\" data-id=\"992be4e\" data-element_type=\"section\" data-e-type=\"section\">\n\t\t\t\t\t\t<div class=\"elementor-container elementor-column-gap-default\">\n\t\t\t\t\t<div class=\"elementor-column elementor-col-100 elementor-top-column elementor-element elementor-element-efe3077\" data-id=\"efe3077\" data-element_type=\"column\" data-e-type=\"column\">\n\t\t\t<div class=\"elementor-widget-wrap elementor-element-populated\">\n\t\t\t\t\t\t<div class=\"elementor-element elementor-element-c5a6f93 gallery-spacing-custom elementor-widget elementor-widget-image-gallery\" data-id=\"c5a6f93\" data-element_type=\"widget\" data-e-type=\"widget\" data-widget_type=\"image-gallery.default\">\n\t\t\t\t<div class=\"elementor-widget-container\">\n\t\t\t\t\t\t\t<div class=\"elementor-image-gallery\">\n\t\t\t<div id='gallery-1' class='gallery galleryid-304 gallery-columns-3 gallery-size-thumbnail'><figure class='gallery-item'>\n\t\t\t<div class='gallery-icon portrait'>\n\t\t\t\t<a data-elementor-open-lightbox=\"yes\" data-elementor-lightbox-slideshow=\"c5a6f93\" data-elementor-lightbox-title=\"licorne\" data-e-action-hash=\"#elementor-action%3Aaction%3Dlightbox%26settings%3DeyJpZCI6MTA3LCJ1cmwiOiJodHRwczpcL1wvd3d3LnBhdWxpbmVjcmVhdGlvbnMuZnJcL3dwLWNvbnRlbnRcL3VwbG9hZHNcLzIwMjJcLzAzXC8yMDIyMDMyMV8xNDU4MDEtc2NhbGVkLmpwZyIsInNsaWRlc2hvdyI6ImM1YTZmOTMifQ%3D%3D\" href='https:\/\/www.paulinecreations.fr\/wp-content\/uploads\/2022\/03\/20220321_145801-scaled.jpg'><img decoding=\"async\" width=\"150\" height=\"150\" src=\"https:\/\/www.paulinecreations.fr\/wp-content\/uploads\/2022\/03\/20220321_145801-150x150.jpg\" class=\"attachment-thumbnail size-thumbnail\" alt=\"\" aria-describedby=\"gallery-1-107\" srcset=\"https:\/\/www.paulinecreations.fr\/wp-content\/uploads\/2022\/03\/20220321_145801-150x150.jpg 150w, https:\/\/www.paulinecreations.fr\/wp-content\/uploads\/2022\/03\/20220321_145801-scaled-300x300.jpg 300w, https:\/\/www.paulinecreations.fr\/wp-content\/uploads\/2022\/03\/20220321_145801-scaled-100x100.jpg 100w\" sizes=\"(max-width: 150px) 100vw, 150px\" \/><\/a>\n\t\t\t<\/div>\n\t\t\t\t<figcaption class='wp-caption-text gallery-caption' id='gallery-1-107'>\n\t\t\t\tLicorne (F)\n\t\t\t\t<\/figcaption><\/figure><figure class='gallery-item'>\n\t\t\t<div class='gallery-icon portrait'>\n\t\t\t\t<a data-elementor-open-lightbox=\"yes\" data-elementor-lightbox-slideshow=\"c5a6f93\" data-elementor-lightbox-title=\"espace\" data-e-action-hash=\"#elementor-action%3Aaction%3Dlightbox%26settings%3DeyJpZCI6OTgsInVybCI6Imh0dHBzOlwvXC93d3cucGF1bGluZWNyZWF0aW9ucy5mclwvd3AtY29udGVudFwvdXBsb2Fkc1wvMjAyMlwvMDNcLzIwMjExMTIzXzE1MjAyOS1zY2FsZWQuanBnIiwic2xpZGVzaG93IjoiYzVhNmY5MyJ9\" href='https:\/\/www.paulinecreations.fr\/wp-content\/uploads\/2022\/03\/20211123_152029-scaled.jpg'><img decoding=\"async\" width=\"150\" height=\"150\" src=\"https:\/\/www.paulinecreations.fr\/wp-content\/uploads\/2022\/03\/20211123_152029-150x150.jpg\" class=\"attachment-thumbnail size-thumbnail\" alt=\"\" aria-describedby=\"gallery-1-98\" srcset=\"https:\/\/www.paulinecreations.fr\/wp-content\/uploads\/2022\/03\/20211123_152029-150x150.jpg 150w, https:\/\/www.paulinecreations.fr\/wp-content\/uploads\/2022\/03\/20211123_152029-scaled-300x300.jpg 300w, https:\/\/www.paulinecreations.fr\/wp-content\/uploads\/2022\/03\/20211123_152029-scaled-100x100.jpg 100w\" sizes=\"(max-width: 150px) 100vw, 150px\" \/><\/a>\n\t\t\t<\/div>\n\t\t\t\t<figcaption class='wp-caption-text gallery-caption' id='gallery-1-98'>\n\t\t\t\tEspace (G)\n\t\t\t\t<\/figcaption><\/figure><figure class='gallery-item'>\n\t\t\t<div class='gallery-icon portrait'>\n\t\t\t\t<a data-elementor-open-lightbox=\"yes\" data-elementor-lightbox-slideshow=\"c5a6f93\" data-elementor-lightbox-title=\"renard\" data-e-action-hash=\"#elementor-action%3Aaction%3Dlightbox%26settings%3DeyJpZCI6OTcsInVybCI6Imh0dHBzOlwvXC93d3cucGF1bGluZWNyZWF0aW9ucy5mclwvd3AtY29udGVudFwvdXBsb2Fkc1wvMjAyMlwvMDNcLzIwMjExMTIyXzE5NDgwNS1zY2FsZWQuanBnIiwic2xpZGVzaG93IjoiYzVhNmY5MyJ9\" href='https:\/\/www.paulinecreations.fr\/wp-content\/uploads\/2022\/03\/20211122_194805-scaled.jpg'><img decoding=\"async\" width=\"150\" height=\"150\" src=\"https:\/\/www.paulinecreations.fr\/wp-content\/uploads\/2022\/03\/20211122_194805-150x150.jpg\" class=\"attachment-thumbnail size-thumbnail\" alt=\"\" aria-describedby=\"gallery-1-97\" srcset=\"https:\/\/www.paulinecreations.fr\/wp-content\/uploads\/2022\/03\/20211122_194805-150x150.jpg 150w, https:\/\/www.paulinecreations.fr\/wp-content\/uploads\/2022\/03\/20211122_194805-scaled-300x300.jpg 300w, https:\/\/www.paulinecreations.fr\/wp-content\/uploads\/2022\/03\/20211122_194805-scaled-100x100.jpg 100w\" sizes=\"(max-width: 150px) 100vw, 150px\" \/><\/a>\n\t\t\t<\/div>\n\t\t\t\t<figcaption class='wp-caption-text gallery-caption' id='gallery-1-97'>\n\t\t\t\tRenard (M)\n\t\t\t\t<\/figcaption><\/figure><figure class='gallery-item'>\n\t\t\t<div class='gallery-icon portrait'>\n\t\t\t\t<a data-elementor-open-lightbox=\"yes\" data-elementor-lightbox-slideshow=\"c5a6f93\" data-elementor-lightbox-title=\"bleu\" data-e-action-hash=\"#elementor-action%3Aaction%3Dlightbox%26settings%3DeyJpZCI6NzU4LCJ1cmwiOiJodHRwczpcL1wvd3d3LnBhdWxpbmVjcmVhdGlvbnMuZnJcL3dwLWNvbnRlbnRcL3VwbG9hZHNcLzIwMjJcLzA4XC8yMDIyMDczMV8wOTUwMDAtc2NhbGVkLmpwZyIsInNsaWRlc2hvdyI6ImM1YTZmOTMifQ%3D%3D\" href='https:\/\/www.paulinecreations.fr\/wp-content\/uploads\/2022\/08\/20220731_095000-scaled.jpg'><img loading=\"lazy\" decoding=\"async\" width=\"150\" height=\"150\" src=\"https:\/\/www.paulinecreations.fr\/wp-content\/uploads\/2022\/08\/20220731_095000-150x150.jpg\" class=\"attachment-thumbnail size-thumbnail\" alt=\"\" aria-describedby=\"gallery-1-758\" srcset=\"https:\/\/www.paulinecreations.fr\/wp-content\/uploads\/2022\/08\/20220731_095000-150x150.jpg 150w, https:\/\/www.paulinecreations.fr\/wp-content\/uploads\/2022\/08\/20220731_095000-300x300.jpg 300w, https:\/\/www.paulinecreations.fr\/wp-content\/uploads\/2022\/08\/20220731_095000-scaled-100x100.jpg 100w, https:\/\/www.paulinecreations.fr\/wp-content\/uploads\/2022\/08\/20220731_095000-75x75.jpg 75w\" sizes=\"(max-width: 150px) 100vw, 150px\" \/><\/a>\n\t\t\t<\/div>\n\t\t\t\t<figcaption class='wp-caption-text gallery-caption' id='gallery-1-758'>\n\t\t\t\tAnimaux (M)\n\t\t\t\t<\/figcaption><\/figure>\n\t\t<\/div>\n\t\t<\/div>\n\t\t\t\t\t\t<\/div>\n\t\t\t\t<\/div>\n\t\t\t\t\t<\/div>\n\t\t<\/div>\n\t\t\t\t\t<\/div>\n\t\t<\/section>\n\t\t\t\t<section class=\"elementor-section elementor-top-section elementor-element elementor-element-163dd20 elementor-section-boxed elementor-section-height-default elementor-section-height-default\" data-id=\"163dd20\" data-element_type=\"section\" data-e-type=\"section\">\n\t\t\t\t\t\t<div class=\"elementor-container elementor-column-gap-default\">\n\t\t\t\t\t<div class=\"elementor-column elementor-col-100 elementor-top-column elementor-element elementor-element-cf65e9b\" data-id=\"cf65e9b\" data-element_type=\"column\" data-e-type=\"column\">\n\t\t\t<div class=\"elementor-widget-wrap elementor-element-populated\">\n\t\t\t\t\t\t<div class=\"elementor-element elementor-element-bcabfcc elementor-widget elementor-widget-video\" data-id=\"bcabfcc\" data-element_type=\"widget\" data-e-type=\"widget\" data-settings=\"{&quot;video_type&quot;:&quot;hosted&quot;,&quot;autoplay&quot;:&quot;yes&quot;,&quot;controls&quot;:&quot;yes&quot;}\" data-widget_type=\"video.default\">\n\t\t\t\t<div class=\"elementor-widget-container\">\n\t\t\t\t\t\t\t<div class=\"e-hosted-video elementor-wrapper elementor-open-inline\">\n\t\t\t\t\t<video class=\"elementor-video\" src=\"https:\/\/www.paulinecreations.fr\/wp-content\/uploads\/2022\/04\/livre-colo.mp4\" autoplay=\"\" controls=\"\" controlsList=\"nodownload\"><\/video>\n\t\t\t\t<\/div>\n\t\t\t\t\t\t<\/div>\n\t\t\t\t<\/div>\n\t\t\t\t\t<\/div>\n\t\t<\/div>\n\t\t\t\t\t<\/div>\n\t\t<\/section>\n\t\t\t\t<section class=\"elementor-section elementor-top-section elementor-element elementor-element-e816242 elementor-section-boxed elementor-section-height-default elementor-section-height-default\" data-id=\"e816242\" data-element_type=\"section\" data-e-type=\"section\">\n\t\t\t\t\t\t<div class=\"elementor-container elementor-column-gap-default\">\n\t\t\t\t\t<div class=\"elementor-column elementor-col-100 elementor-top-column elementor-element elementor-element-337ff13\" data-id=\"337ff13\" data-element_type=\"column\" data-e-type=\"column\">\n\t\t\t<div class=\"elementor-widget-wrap elementor-element-populated\">\n\t\t\t\t\t\t<div class=\"elementor-element elementor-element-bb79e72 elementor-widget elementor-widget-text-editor\" data-id=\"bb79e72\" data-element_type=\"widget\" data-e-type=\"widget\" data-widget_type=\"text-editor.default\">\n\t\t\t\t<div class=\"elementor-widget-container\">\n\t\t\t\t\t\t\t\t\t<h4><span style=\"text-decoration: underline;\"><strong>Conseils d&rsquo;entretien :<\/strong> <\/span><\/h4>\n<p>-Lavage \u00e0 30\u00b0C (mettre de pr\u00e9f\u00e9rence dans un filet avec une lingette)<br \/>-S\u00e9chage \u00e0 l\u2019air libre<br \/>-Repassage doux sur l\u2019envers<br \/>-Pas de produits de blanchiment\u00a0!<br \/>Et voil\u00e0, il ne reste plus qu\u2019\u00e0 laisser \u00e0 nouveau place \u00e0 la cr\u00e9ativit\u00e9 !<br \/>Bon colo\u00a0!<br \/>PaulineCr\u00e9ationsFR<\/p>\t\t\t\t\t\t\t\t<\/div>\n\t\t\t\t<\/div>\n\t\t\t\t\t<\/div>\n\t\t<\/div>\n\t\t\t\t\t<\/div>\n\t\t<\/section>\n\t\t\t\t<\/div>\n\t\t","protected":false},"excerpt":{"rendered":"<p>Toujours dans le z\u00e9ro d\u00e9chet, le livre de coloriage lavable et r\u00e9utilisable \u00e0 20\u20ac, il est possible de le personnaliser avec un pr\u00e9nom pour 5\u20ac. Ce livre est id\u00e9al pour les enfants \u00e0 partir de 2 ans, il pourra le transporter partout avec lui, pour l&rsquo;occuper dans une salle d&rsquo;attente, en voiture, vacances, sorties etc.. ou m\u00eame se glisser dans un sac. Contient 6 pages de coloriages avec 6 th\u00e8mes diff\u00e9rents ainsi qu&rsquo;une patte pour y ranger jusqu&rsquo;\u00e0 10 feutres (4 feutres inclus). Utilisez uniquement des feutres \u00e0 base d&rsquo;eau ou lavables pour laisser l&rsquo;imagination de l&rsquo;enfant prendre place dans ce livre personnalisable avec son pr\u00e9nom. Celui-ci peut aussi \u00eatre un cadeau id\u00e9al \u00e0 offrir ! Les th\u00e8mes \u00e0 l&rsquo;int\u00e9rieur sont orient\u00e9s (G) pour gar\u00e7on, (F) pour fille et (M) mixte fille\/ gar\u00e7on en fonction des variantes des livres. Licorne (F) Espace (G) Renard (M) Animaux (M) https:\/\/www.paulinecreations.fr\/wp-content\/uploads\/2022\/04\/livre-colo.mp4 Conseils d&rsquo;entretien : -Lavage \u00e0 30\u00b0C (mettre de pr\u00e9f\u00e9rence dans un filet avec une lingette)-S\u00e9chage \u00e0 l\u2019air libre-Repassage doux sur l\u2019envers-Pas de produits de blanchiment\u00a0!Et voil\u00e0, il ne reste plus qu\u2019\u00e0 laisser \u00e0 nouveau place \u00e0 la cr\u00e9ativit\u00e9 !Bon colo\u00a0!PaulineCr\u00e9ationsFR<\/p>\n","protected":false},"author":1,"featured_media":0,"parent":0,"menu_order":0,"comment_status":"closed","ping_status":"closed","template":"","meta":{"footnotes":""},"class_list":["post-304","page","type-page","status-publish","hentry"],"yoast_head":"<!-- This site is optimized with the Yoast SEO plugin v27.0 - https:\/\/yoast.com\/product\/yoast-seo-wordpress\/ -->\n<title>Livres de coloriage lavable - PaulineCreations<\/title>\n<meta name=\"robots\" content=\"index, follow, max-snippet:-1, max-image-preview:large, max-video-preview:-1\" \/>\n<link rel=\"canonical\" href=\"https:\/\/www.paulinecreations.fr\/?page_id=304\" \/>\n<meta property=\"og:locale\" content=\"fr_FR\" \/>\n<meta property=\"og:type\" content=\"article\" \/>\n<meta property=\"og:title\" content=\"Livres de coloriage lavable - PaulineCreations\" \/>\n<meta property=\"og:description\" content=\"Toujours dans le z\u00e9ro d\u00e9chet, le livre de coloriage lavable et r\u00e9utilisable \u00e0 20\u20ac, il est possible de le personnaliser avec un pr\u00e9nom pour 5\u20ac. Ce livre est id\u00e9al pour les enfants \u00e0 partir de 2 ans, il pourra le transporter partout avec lui, pour l&rsquo;occuper dans une salle d&rsquo;attente, en voiture, vacances, sorties etc.. ou m\u00eame se glisser dans un sac. Contient 6 pages de coloriages avec 6 th\u00e8mes diff\u00e9rents ainsi qu&rsquo;une patte pour y ranger jusqu&rsquo;\u00e0 10 feutres (4 feutres inclus). Utilisez uniquement des feutres \u00e0 base d&rsquo;eau ou lavables pour laisser l&rsquo;imagination de l&rsquo;enfant prendre place dans ce livre personnalisable avec son pr\u00e9nom. Celui-ci peut aussi \u00eatre un cadeau id\u00e9al \u00e0 offrir ! Les th\u00e8mes \u00e0 l&rsquo;int\u00e9rieur sont orient\u00e9s (G) pour gar\u00e7on, (F) pour fille et (M) mixte fille\/ gar\u00e7on en fonction des variantes des livres. Licorne (F) Espace (G) Renard (M) Animaux (M) https:\/\/www.paulinecreations.fr\/wp-content\/uploads\/2022\/04\/livre-colo.mp4 Conseils d&rsquo;entretien : -Lavage \u00e0 30\u00b0C (mettre de pr\u00e9f\u00e9rence dans un filet avec une lingette)-S\u00e9chage \u00e0 l\u2019air libre-Repassage doux sur l\u2019envers-Pas de produits de blanchiment\u00a0!Et voil\u00e0, il ne reste plus qu\u2019\u00e0 laisser \u00e0 nouveau place \u00e0 la cr\u00e9ativit\u00e9 !Bon colo\u00a0!PaulineCr\u00e9ationsFR\" \/>\n<meta property=\"og:url\" content=\"https:\/\/www.paulinecreations.fr\/?page_id=304\" \/>\n<meta property=\"og:site_name\" content=\"PaulineCreations\" \/>\n<meta property=\"article:modified_time\" content=\"2022-08-02T21:42:33+00:00\" \/>\n<meta property=\"og:image\" content=\"https:\/\/www.paulinecreations.fr\/wp-content\/uploads\/2022\/03\/20220321_145801-150x150.jpg\" \/>\n<meta name=\"twitter:card\" content=\"summary_large_image\" \/>\n<meta name=\"twitter:label1\" content=\"Dur\u00e9e de lecture estim\u00e9e\" \/>\n\t<meta name=\"twitter:data1\" content=\"1 minute\" \/>\n<script type=\"application\/ld+json\" class=\"yoast-schema-graph\">{\"@context\":\"https:\/\/schema.org\",\"@graph\":[{\"@type\":\"WebPage\",\"@id\":\"https:\/\/www.paulinecreations.fr\/?page_id=304\",\"url\":\"https:\/\/www.paulinecreations.fr\/?page_id=304\",\"name\":\"Livres de coloriage lavable - PaulineCreations\",\"isPartOf\":{\"@id\":\"https:\/\/www.paulinecreations.fr\/#website\"},\"primaryImageOfPage\":{\"@id\":\"https:\/\/www.paulinecreations.fr\/?page_id=304#primaryimage\"},\"image\":{\"@id\":\"https:\/\/www.paulinecreations.fr\/?page_id=304#primaryimage\"},\"thumbnailUrl\":\"https:\/\/www.paulinecreations.fr\/wp-content\/uploads\/2022\/03\/20220321_145801-150x150.jpg\",\"datePublished\":\"2022-04-06T19:52:51+00:00\",\"dateModified\":\"2022-08-02T21:42:33+00:00\",\"breadcrumb\":{\"@id\":\"https:\/\/www.paulinecreations.fr\/?page_id=304#breadcrumb\"},\"inLanguage\":\"fr-FR\",\"potentialAction\":[{\"@type\":\"ReadAction\",\"target\":[\"https:\/\/www.paulinecreations.fr\/?page_id=304\"]}]},{\"@type\":\"ImageObject\",\"inLanguage\":\"fr-FR\",\"@id\":\"https:\/\/www.paulinecreations.fr\/?page_id=304#primaryimage\",\"url\":\"https:\/\/www.paulinecreations.fr\/wp-content\/uploads\/2022\/03\/20220321_145801-scaled.jpg\",\"contentUrl\":\"https:\/\/www.paulinecreations.fr\/wp-content\/uploads\/2022\/03\/20220321_145801-scaled.jpg\",\"width\":1440,\"height\":1920,\"caption\":\"Licorne (F)\"},{\"@type\":\"BreadcrumbList\",\"@id\":\"https:\/\/www.paulinecreations.fr\/?page_id=304#breadcrumb\",\"itemListElement\":[{\"@type\":\"ListItem\",\"position\":1,\"name\":\"Accueil\",\"item\":\"https:\/\/www.paulinecreations.fr\/\"},{\"@type\":\"ListItem\",\"position\":2,\"name\":\"Livres de coloriage lavable\"}]},{\"@type\":\"WebSite\",\"@id\":\"https:\/\/www.paulinecreations.fr\/#website\",\"url\":\"https:\/\/www.paulinecreations.fr\/\",\"name\":\"PaulineCreations\",\"description\":\"Cr\u00e9ations fait mains\",\"publisher\":{\"@id\":\"https:\/\/www.paulinecreations.fr\/#organization\"},\"potentialAction\":[{\"@type\":\"SearchAction\",\"target\":{\"@type\":\"EntryPoint\",\"urlTemplate\":\"https:\/\/www.paulinecreations.fr\/?s={search_term_string}\"},\"query-input\":{\"@type\":\"PropertyValueSpecification\",\"valueRequired\":true,\"valueName\":\"search_term_string\"}}],\"inLanguage\":\"fr-FR\"},{\"@type\":\"Organization\",\"@id\":\"https:\/\/www.paulinecreations.fr\/#organization\",\"name\":\"PaulineCreations\",\"url\":\"https:\/\/www.paulinecreations.fr\/\",\"logo\":{\"@type\":\"ImageObject\",\"inLanguage\":\"fr-FR\",\"@id\":\"https:\/\/www.paulinecreations.fr\/#\/schema\/logo\/image\/\",\"url\":\"https:\/\/www.paulinecreations.fr\/wp-content\/uploads\/2022\/03\/cropped-cropped-IMG-20210805-WA0000-1.jpg\",\"contentUrl\":\"https:\/\/www.paulinecreations.fr\/wp-content\/uploads\/2022\/03\/cropped-cropped-IMG-20210805-WA0000-1.jpg\",\"width\":1568,\"height\":697,\"caption\":\"PaulineCreations\"},\"image\":{\"@id\":\"https:\/\/www.paulinecreations.fr\/#\/schema\/logo\/image\/\"}}]}<\/script>\n<!-- \/ Yoast SEO plugin. -->","yoast_head_json":{"title":"Livres de coloriage lavable - PaulineCreations","robots":{"index":"index","follow":"follow","max-snippet":"max-snippet:-1","max-image-preview":"max-image-preview:large","max-video-preview":"max-video-preview:-1"},"canonical":"https:\/\/www.paulinecreations.fr\/?page_id=304","og_locale":"fr_FR","og_type":"article","og_title":"Livres de coloriage lavable - PaulineCreations","og_description":"Toujours dans le z\u00e9ro d\u00e9chet, le livre de coloriage lavable et r\u00e9utilisable \u00e0 20\u20ac, il est possible de le personnaliser avec un pr\u00e9nom pour 5\u20ac. Ce livre est id\u00e9al pour les enfants \u00e0 partir de 2 ans, il pourra le transporter partout avec lui, pour l&rsquo;occuper dans une salle d&rsquo;attente, en voiture, vacances, sorties etc.. ou m\u00eame se glisser dans un sac. Contient 6 pages de coloriages avec 6 th\u00e8mes diff\u00e9rents ainsi qu&rsquo;une patte pour y ranger jusqu&rsquo;\u00e0 10 feutres (4 feutres inclus). Utilisez uniquement des feutres \u00e0 base d&rsquo;eau ou lavables pour laisser l&rsquo;imagination de l&rsquo;enfant prendre place dans ce livre personnalisable avec son pr\u00e9nom. Celui-ci peut aussi \u00eatre un cadeau id\u00e9al \u00e0 offrir ! Les th\u00e8mes \u00e0 l&rsquo;int\u00e9rieur sont orient\u00e9s (G) pour gar\u00e7on, (F) pour fille et (M) mixte fille\/ gar\u00e7on en fonction des variantes des livres. Licorne (F) Espace (G) Renard (M) Animaux (M) https:\/\/www.paulinecreations.fr\/wp-content\/uploads\/2022\/04\/livre-colo.mp4 Conseils d&rsquo;entretien : -Lavage \u00e0 30\u00b0C (mettre de pr\u00e9f\u00e9rence dans un filet avec une lingette)-S\u00e9chage \u00e0 l\u2019air libre-Repassage doux sur l\u2019envers-Pas de produits de blanchiment\u00a0!Et voil\u00e0, il ne reste plus qu\u2019\u00e0 laisser \u00e0 nouveau place \u00e0 la cr\u00e9ativit\u00e9 !Bon colo\u00a0!PaulineCr\u00e9ationsFR","og_url":"https:\/\/www.paulinecreations.fr\/?page_id=304","og_site_name":"PaulineCreations","article_modified_time":"2022-08-02T21:42:33+00:00","og_image":[{"url":"https:\/\/www.paulinecreations.fr\/wp-content\/uploads\/2022\/03\/20220321_145801-150x150.jpg","type":"","width":"","height":""}],"twitter_card":"summary_large_image","twitter_misc":{"Dur\u00e9e de lecture estim\u00e9e":"1 minute"},"schema":{"@context":"https:\/\/schema.org","@graph":[{"@type":"WebPage","@id":"https:\/\/www.paulinecreations.fr\/?page_id=304","url":"https:\/\/www.paulinecreations.fr\/?page_id=304","name":"Livres de coloriage lavable - PaulineCreations","isPartOf":{"@id":"https:\/\/www.paulinecreations.fr\/#website"},"primaryImageOfPage":{"@id":"https:\/\/www.paulinecreations.fr\/?page_id=304#primaryimage"},"image":{"@id":"https:\/\/www.paulinecreations.fr\/?page_id=304#primaryimage"},"thumbnailUrl":"https:\/\/www.paulinecreations.fr\/wp-content\/uploads\/2022\/03\/20220321_145801-150x150.jpg","datePublished":"2022-04-06T19:52:51+00:00","dateModified":"2022-08-02T21:42:33+00:00","breadcrumb":{"@id":"https:\/\/www.paulinecreations.fr\/?page_id=304#breadcrumb"},"inLanguage":"fr-FR","potentialAction":[{"@type":"ReadAction","target":["https:\/\/www.paulinecreations.fr\/?page_id=304"]}]},{"@type":"ImageObject","inLanguage":"fr-FR","@id":"https:\/\/www.paulinecreations.fr\/?page_id=304#primaryimage","url":"https:\/\/www.paulinecreations.fr\/wp-content\/uploads\/2022\/03\/20220321_145801-scaled.jpg","contentUrl":"https:\/\/www.paulinecreations.fr\/wp-content\/uploads\/2022\/03\/20220321_145801-scaled.jpg","width":1440,"height":1920,"caption":"Licorne (F)"},{"@type":"BreadcrumbList","@id":"https:\/\/www.paulinecreations.fr\/?page_id=304#breadcrumb","itemListElement":[{"@type":"ListItem","position":1,"name":"Accueil","item":"https:\/\/www.paulinecreations.fr\/"},{"@type":"ListItem","position":2,"name":"Livres de coloriage lavable"}]},{"@type":"WebSite","@id":"https:\/\/www.paulinecreations.fr\/#website","url":"https:\/\/www.paulinecreations.fr\/","name":"PaulineCreations","description":"Cr\u00e9ations fait mains","publisher":{"@id":"https:\/\/www.paulinecreations.fr\/#organization"},"potentialAction":[{"@type":"SearchAction","target":{"@type":"EntryPoint","urlTemplate":"https:\/\/www.paulinecreations.fr\/?s={search_term_string}"},"query-input":{"@type":"PropertyValueSpecification","valueRequired":true,"valueName":"search_term_string"}}],"inLanguage":"fr-FR"},{"@type":"Organization","@id":"https:\/\/www.paulinecreations.fr\/#organization","name":"PaulineCreations","url":"https:\/\/www.paulinecreations.fr\/","logo":{"@type":"ImageObject","inLanguage":"fr-FR","@id":"https:\/\/www.paulinecreations.fr\/#\/schema\/logo\/image\/","url":"https:\/\/www.paulinecreations.fr\/wp-content\/uploads\/2022\/03\/cropped-cropped-IMG-20210805-WA0000-1.jpg","contentUrl":"https:\/\/www.paulinecreations.fr\/wp-content\/uploads\/2022\/03\/cropped-cropped-IMG-20210805-WA0000-1.jpg","width":1568,"height":697,"caption":"PaulineCreations"},"image":{"@id":"https:\/\/www.paulinecreations.fr\/#\/schema\/logo\/image\/"}}]}},"_links":{"self":[{"href":"https:\/\/www.paulinecreations.fr\/index.php?rest_route=\/wp\/v2\/pages\/304","targetHints":{"allow":["GET"]}}],"collection":[{"href":"https:\/\/www.paulinecreations.fr\/index.php?rest_route=\/wp\/v2\/pages"}],"about":[{"href":"https:\/\/www.paulinecreations.fr\/index.php?rest_route=\/wp\/v2\/types\/page"}],"author":[{"embeddable":true,"href":"https:\/\/www.paulinecreations.fr\/index.php?rest_route=\/wp\/v2\/users\/1"}],"replies":[{"embeddable":true,"href":"https:\/\/www.paulinecreations.fr\/index.php?rest_route=%2Fwp%2Fv2%2Fcomments&post=304"}],"version-history":[{"count":1,"href":"https:\/\/www.paulinecreations.fr\/index.php?rest_route=\/wp\/v2\/pages\/304\/revisions"}],"predecessor-version":[{"id":1385,"href":"https:\/\/www.paulinecreations.fr\/index.php?rest_route=\/wp\/v2\/pages\/304\/revisions\/1385"}],"wp:attachment":[{"href":"https:\/\/www.paulinecreations.fr\/index.php?rest_route=%2Fwp%2Fv2%2Fmedia&parent=304"}],"curies":[{"name":"wp","href":"https:\/\/api.w.org\/{rel}","templated":true}]}}