{"id":299,"date":"2022-04-06T21:51:40","date_gmt":"2022-04-06T19:51:40","guid":{"rendered":"http:\/\/dev.paulinecreations.fr\/?page_id=299"},"modified":"2022-08-02T23:41:25","modified_gmt":"2022-08-02T21:41:25","slug":"eponges","status":"publish","type":"page","link":"https:\/\/www.paulinecreations.fr\/?page_id=299","title":{"rendered":"Eponges"},"content":{"rendered":"\t\t<div data-elementor-type=\"wp-page\" data-elementor-id=\"299\" class=\"elementor elementor-299\" data-elementor-post-type=\"page\">\n\t\t\t\t\t\t<section class=\"elementor-section elementor-top-section elementor-element elementor-element-485633d elementor-section-boxed elementor-section-height-default elementor-section-height-default\" data-id=\"485633d\" data-element_type=\"section\" data-e-type=\"section\">\n\t\t\t\t\t\t<div class=\"elementor-container elementor-column-gap-default\">\n\t\t\t\t\t<div class=\"elementor-column elementor-col-100 elementor-top-column elementor-element elementor-element-ab62d00\" data-id=\"ab62d00\" data-element_type=\"column\" data-e-type=\"column\">\n\t\t\t<div class=\"elementor-widget-wrap elementor-element-populated\">\n\t\t\t\t\t\t<div class=\"elementor-element elementor-element-4ecb4dc elementor-widget elementor-widget-text-editor\" data-id=\"4ecb4dc\" data-element_type=\"widget\" data-e-type=\"widget\" data-widget_type=\"text-editor.default\">\n\t\t\t\t<div class=\"elementor-widget-container\">\n\t\t\t\t\t\t\t\t\t<p>Quoi de mieux pour faire sa vaisselle de fa\u00e7on \u00e9cologique qu&rsquo;une \u00e9ponge z\u00e9ro d\u00e9chet ! <br \/>Plus besoin d&rsquo;utiliser des \u00e9ponges de supermarch\u00e9 o\u00f9 on ne connait pas leur composition et qui participe \u00e0 la pollution de notre plan\u00e8te, celle ci est compos\u00e9e de ouate imputrescible fran\u00e7aise, d&rsquo;un filet en coton bio pour le c\u00f4t\u00e9 grattant de l&rsquo;\u00e9ponge et de l&rsquo;autre c\u00f4t\u00e9 un tissu double gaz coton Oeko Tex.<br \/>Pour le motif, je recycle les chutes de tissus qu&rsquo;il me reste de mes autres cr\u00e9ations. Vous pouvez vous en servir dans votre cuisine elle vous apportera une touche de d\u00e9co suppl\u00e9mentaire. Elle poss\u00e8de une attache pour faciliter le s\u00e9chage \u00e0 l&rsquo;air libre.<br \/>Existe en diff\u00e9rents coloris limit\u00e9s.<\/p>\t\t\t\t\t\t\t\t<\/div>\n\t\t\t\t<\/div>\n\t\t\t\t\t<\/div>\n\t\t<\/div>\n\t\t\t\t\t<\/div>\n\t\t<\/section>\n\t\t\t\t<section class=\"elementor-section elementor-top-section elementor-element elementor-element-b25ece7 elementor-section-boxed elementor-section-height-default elementor-section-height-default\" data-id=\"b25ece7\" data-element_type=\"section\" data-e-type=\"section\">\n\t\t\t\t\t\t<div class=\"elementor-container elementor-column-gap-default\">\n\t\t\t\t\t<div class=\"elementor-column elementor-col-100 elementor-top-column elementor-element elementor-element-ddfab99\" data-id=\"ddfab99\" data-element_type=\"column\" data-e-type=\"column\">\n\t\t\t<div class=\"elementor-widget-wrap elementor-element-populated\">\n\t\t\t\t\t\t<div class=\"elementor-element elementor-element-6787be8 gallery-spacing-custom elementor-widget elementor-widget-image-gallery\" data-id=\"6787be8\" data-element_type=\"widget\" data-e-type=\"widget\" data-widget_type=\"image-gallery.default\">\n\t\t\t\t<div class=\"elementor-widget-container\">\n\t\t\t\t\t\t\t<div class=\"elementor-image-gallery\">\n\t\t\t<div id='gallery-1' class='gallery galleryid-299 gallery-columns-3 gallery-size-thumbnail'><figure class='gallery-item'>\n\t\t\t<div class='gallery-icon landscape'>\n\t\t\t\t<a data-elementor-open-lightbox=\"yes\" data-elementor-lightbox-slideshow=\"6787be8\" data-elementor-lightbox-title=\"wax\" data-e-action-hash=\"#elementor-action%3Aaction%3Dlightbox%26settings%3DeyJpZCI6MTA0LCJ1cmwiOiJodHRwczpcL1wvd3d3LnBhdWxpbmVjcmVhdGlvbnMuZnJcL3dwLWNvbnRlbnRcL3VwbG9hZHNcLzIwMjJcLzAzXC8yMDIyMDMyMV8xNDU2MDYtc2NhbGVkLmpwZyIsInNsaWRlc2hvdyI6IjY3ODdiZTgifQ%3D%3D\" href='https:\/\/www.paulinecreations.fr\/wp-content\/uploads\/2022\/03\/20220321_145606-scaled.jpg'><img decoding=\"async\" width=\"150\" height=\"150\" src=\"https:\/\/www.paulinecreations.fr\/wp-content\/uploads\/2022\/03\/20220321_145606-150x150.jpg\" class=\"attachment-thumbnail size-thumbnail\" alt=\"\" aria-describedby=\"gallery-1-104\" srcset=\"https:\/\/www.paulinecreations.fr\/wp-content\/uploads\/2022\/03\/20220321_145606-150x150.jpg 150w, https:\/\/www.paulinecreations.fr\/wp-content\/uploads\/2022\/03\/20220321_145606-scaled-300x300.jpg 300w, https:\/\/www.paulinecreations.fr\/wp-content\/uploads\/2022\/03\/20220321_145606-scaled-100x100.jpg 100w\" sizes=\"(max-width: 150px) 100vw, 150px\" \/><\/a>\n\t\t\t<\/div>\n\t\t\t\t<figcaption class='wp-caption-text gallery-caption' id='gallery-1-104'>\n\t\t\t\tWax \/ Camel\n\t\t\t\t<\/figcaption><\/figure><figure class='gallery-item'>\n\t\t\t<div class='gallery-icon landscape'>\n\t\t\t\t<a data-elementor-open-lightbox=\"yes\" data-elementor-lightbox-slideshow=\"6787be8\" data-elementor-lightbox-title=\"wax\" data-e-action-hash=\"#elementor-action%3Aaction%3Dlightbox%26settings%3DeyJpZCI6MTA1LCJ1cmwiOiJodHRwczpcL1wvd3d3LnBhdWxpbmVjcmVhdGlvbnMuZnJcL3dwLWNvbnRlbnRcL3VwbG9hZHNcLzIwMjJcLzAzXC8yMDIyMDMyMV8xNDU2MjItc2NhbGVkLmpwZyIsInNsaWRlc2hvdyI6IjY3ODdiZTgifQ%3D%3D\" href='https:\/\/www.paulinecreations.fr\/wp-content\/uploads\/2022\/03\/20220321_145622-scaled.jpg'><img decoding=\"async\" width=\"150\" height=\"150\" src=\"https:\/\/www.paulinecreations.fr\/wp-content\/uploads\/2022\/03\/20220321_145622-150x150.jpg\" class=\"attachment-thumbnail size-thumbnail\" alt=\"\" aria-describedby=\"gallery-1-105\" srcset=\"https:\/\/www.paulinecreations.fr\/wp-content\/uploads\/2022\/03\/20220321_145622-150x150.jpg 150w, https:\/\/www.paulinecreations.fr\/wp-content\/uploads\/2022\/03\/20220321_145622-scaled-300x300.jpg 300w, https:\/\/www.paulinecreations.fr\/wp-content\/uploads\/2022\/03\/20220321_145622-scaled-100x100.jpg 100w\" sizes=\"(max-width: 150px) 100vw, 150px\" \/><\/a>\n\t\t\t<\/div>\n\t\t\t\t<figcaption class='wp-caption-text gallery-caption' id='gallery-1-105'>\n\t\t\t\tWax\/ Bleu\n\t\t\t\t<\/figcaption><\/figure><figure class='gallery-item'>\n\t\t\t<div class='gallery-icon landscape'>\n\t\t\t\t<a data-elementor-open-lightbox=\"yes\" data-elementor-lightbox-slideshow=\"6787be8\" data-elementor-lightbox-title=\"wax\" data-e-action-hash=\"#elementor-action%3Aaction%3Dlightbox%26settings%3DeyJpZCI6MTA2LCJ1cmwiOiJodHRwczpcL1wvd3d3LnBhdWxpbmVjcmVhdGlvbnMuZnJcL3dwLWNvbnRlbnRcL3VwbG9hZHNcLzIwMjJcLzAzXC8yMDIyMDMyMV8xNDU3MTUtc2NhbGVkLmpwZyIsInNsaWRlc2hvdyI6IjY3ODdiZTgifQ%3D%3D\" href='https:\/\/www.paulinecreations.fr\/wp-content\/uploads\/2022\/03\/20220321_145715-scaled.jpg'><img decoding=\"async\" width=\"150\" height=\"150\" src=\"https:\/\/www.paulinecreations.fr\/wp-content\/uploads\/2022\/03\/20220321_145715-150x150.jpg\" class=\"attachment-thumbnail size-thumbnail\" alt=\"\" aria-describedby=\"gallery-1-106\" srcset=\"https:\/\/www.paulinecreations.fr\/wp-content\/uploads\/2022\/03\/20220321_145715-150x150.jpg 150w, https:\/\/www.paulinecreations.fr\/wp-content\/uploads\/2022\/03\/20220321_145715-scaled-300x300.jpg 300w, https:\/\/www.paulinecreations.fr\/wp-content\/uploads\/2022\/03\/20220321_145715-scaled-100x100.jpg 100w\" sizes=\"(max-width: 150px) 100vw, 150px\" \/><\/a>\n\t\t\t<\/div>\n\t\t\t\t<figcaption class='wp-caption-text gallery-caption' id='gallery-1-106'>\n\t\t\t\tFleurs\/ Bleu\n\t\t\t\t<\/figcaption><\/figure><figure class='gallery-item'>\n\t\t\t<div class='gallery-icon portrait'>\n\t\t\t\t<a data-elementor-open-lightbox=\"yes\" data-elementor-lightbox-slideshow=\"6787be8\" data-elementor-lightbox-title=\"vintage\" data-e-action-hash=\"#elementor-action%3Aaction%3Dlightbox%26settings%3DeyJpZCI6NzcwLCJ1cmwiOiJodHRwczpcL1wvd3d3LnBhdWxpbmVjcmVhdGlvbnMuZnJcL3dwLWNvbnRlbnRcL3VwbG9hZHNcLzIwMjJcLzA4XC8yMDIyMDczMV8wOTQ5MDItc2NhbGVkLmpwZyIsInNsaWRlc2hvdyI6IjY3ODdiZTgifQ%3D%3D\" href='https:\/\/www.paulinecreations.fr\/wp-content\/uploads\/2022\/08\/20220731_094902-scaled.jpg'><img loading=\"lazy\" decoding=\"async\" width=\"150\" height=\"150\" src=\"https:\/\/www.paulinecreations.fr\/wp-content\/uploads\/2022\/08\/20220731_094902-150x150.jpg\" class=\"attachment-thumbnail size-thumbnail\" alt=\"\" aria-describedby=\"gallery-1-770\" srcset=\"https:\/\/www.paulinecreations.fr\/wp-content\/uploads\/2022\/08\/20220731_094902-150x150.jpg 150w, https:\/\/www.paulinecreations.fr\/wp-content\/uploads\/2022\/08\/20220731_094902-300x300.jpg 300w, https:\/\/www.paulinecreations.fr\/wp-content\/uploads\/2022\/08\/20220731_094902-scaled-100x100.jpg 100w, https:\/\/www.paulinecreations.fr\/wp-content\/uploads\/2022\/08\/20220731_094902-75x75.jpg 75w\" sizes=\"(max-width: 150px) 100vw, 150px\" \/><\/a>\n\t\t\t<\/div>\n\t\t\t\t<figcaption class='wp-caption-text gallery-caption' id='gallery-1-770'>\n\t\t\t\tVintage\/ Gris\n\t\t\t\t<\/figcaption><\/figure><figure class='gallery-item'>\n\t\t\t<div class='gallery-icon portrait'>\n\t\t\t\t<a data-elementor-open-lightbox=\"yes\" data-elementor-lightbox-slideshow=\"6787be8\" data-elementor-lightbox-title=\"Libellule \/ Rouge\" data-e-action-hash=\"#elementor-action%3Aaction%3Dlightbox%26settings%3DeyJpZCI6NzY5LCJ1cmwiOiJodHRwczpcL1wvd3d3LnBhdWxpbmVjcmVhdGlvbnMuZnJcL3dwLWNvbnRlbnRcL3VwbG9hZHNcLzIwMjJcLzA4XC8yMDIyMDczMV8wOTQ3NTItc2NhbGVkLmpwZyIsInNsaWRlc2hvdyI6IjY3ODdiZTgifQ%3D%3D\" href='https:\/\/www.paulinecreations.fr\/wp-content\/uploads\/2022\/08\/20220731_094752-scaled.jpg'><img loading=\"lazy\" decoding=\"async\" width=\"150\" height=\"150\" src=\"https:\/\/www.paulinecreations.fr\/wp-content\/uploads\/2022\/08\/20220731_094752-150x150.jpg\" class=\"attachment-thumbnail size-thumbnail\" alt=\"\" aria-describedby=\"gallery-1-769\" srcset=\"https:\/\/www.paulinecreations.fr\/wp-content\/uploads\/2022\/08\/20220731_094752-150x150.jpg 150w, https:\/\/www.paulinecreations.fr\/wp-content\/uploads\/2022\/08\/20220731_094752-300x300.jpg 300w, https:\/\/www.paulinecreations.fr\/wp-content\/uploads\/2022\/08\/20220731_094752-scaled-100x100.jpg 100w, https:\/\/www.paulinecreations.fr\/wp-content\/uploads\/2022\/08\/20220731_094752-75x75.jpg 75w\" sizes=\"(max-width: 150px) 100vw, 150px\" \/><\/a>\n\t\t\t<\/div>\n\t\t\t\t<figcaption class='wp-caption-text gallery-caption' id='gallery-1-769'>\n\t\t\t\tLibellule \/ Rouge\n\t\t\t\t<\/figcaption><\/figure><figure class='gallery-item'>\n\t\t\t<div class='gallery-icon portrait'>\n\t\t\t\t<a data-elementor-open-lightbox=\"yes\" data-elementor-lightbox-slideshow=\"6787be8\" data-elementor-lightbox-title=\"Libellule moutarde\" data-e-action-hash=\"#elementor-action%3Aaction%3Dlightbox%26settings%3DeyJpZCI6NzY4LCJ1cmwiOiJodHRwczpcL1wvd3d3LnBhdWxpbmVjcmVhdGlvbnMuZnJcL3dwLWNvbnRlbnRcL3VwbG9hZHNcLzIwMjJcLzA4XC8yMDIyMDczMV8wOTQ3MzEtc2NhbGVkLmpwZyIsInNsaWRlc2hvdyI6IjY3ODdiZTgifQ%3D%3D\" href='https:\/\/www.paulinecreations.fr\/wp-content\/uploads\/2022\/08\/20220731_094731-scaled.jpg'><img loading=\"lazy\" decoding=\"async\" width=\"150\" height=\"150\" src=\"https:\/\/www.paulinecreations.fr\/wp-content\/uploads\/2022\/08\/20220731_094731-150x150.jpg\" class=\"attachment-thumbnail size-thumbnail\" alt=\"\" aria-describedby=\"gallery-1-768\" srcset=\"https:\/\/www.paulinecreations.fr\/wp-content\/uploads\/2022\/08\/20220731_094731-150x150.jpg 150w, https:\/\/www.paulinecreations.fr\/wp-content\/uploads\/2022\/08\/20220731_094731-300x300.jpg 300w, https:\/\/www.paulinecreations.fr\/wp-content\/uploads\/2022\/08\/20220731_094731-scaled-100x100.jpg 100w, https:\/\/www.paulinecreations.fr\/wp-content\/uploads\/2022\/08\/20220731_094731-75x75.jpg 75w\" sizes=\"(max-width: 150px) 100vw, 150px\" \/><\/a>\n\t\t\t<\/div>\n\t\t\t\t<figcaption class='wp-caption-text gallery-caption' id='gallery-1-768'>\n\t\t\t\tLibellule\/ Jaune\n\t\t\t\t<\/figcaption><\/figure><figure class='gallery-item'>\n\t\t\t<div class='gallery-icon portrait'>\n\t\t\t\t<a data-elementor-open-lightbox=\"yes\" data-elementor-lightbox-slideshow=\"6787be8\" data-elementor-lightbox-title=\"origami jaune\" data-e-action-hash=\"#elementor-action%3Aaction%3Dlightbox%26settings%3DeyJpZCI6Nzc0LCJ1cmwiOiJodHRwczpcL1wvd3d3LnBhdWxpbmVjcmVhdGlvbnMuZnJcL3dwLWNvbnRlbnRcL3VwbG9hZHNcLzIwMjJcLzA4XC8yMDIyMDczMV8wOTQ3MjItc2NhbGVkLmpwZyIsInNsaWRlc2hvdyI6IjY3ODdiZTgifQ%3D%3D\" href='https:\/\/www.paulinecreations.fr\/wp-content\/uploads\/2022\/08\/20220731_094722-scaled.jpg'><img loading=\"lazy\" decoding=\"async\" width=\"150\" height=\"150\" src=\"https:\/\/www.paulinecreations.fr\/wp-content\/uploads\/2022\/08\/20220731_094722-150x150.jpg\" class=\"attachment-thumbnail size-thumbnail\" alt=\"\" aria-describedby=\"gallery-1-774\" srcset=\"https:\/\/www.paulinecreations.fr\/wp-content\/uploads\/2022\/08\/20220731_094722-150x150.jpg 150w, https:\/\/www.paulinecreations.fr\/wp-content\/uploads\/2022\/08\/20220731_094722-300x300.jpg 300w, https:\/\/www.paulinecreations.fr\/wp-content\/uploads\/2022\/08\/20220731_094722-scaled-100x100.jpg 100w, https:\/\/www.paulinecreations.fr\/wp-content\/uploads\/2022\/08\/20220731_094722-75x75.jpg 75w\" sizes=\"(max-width: 150px) 100vw, 150px\" \/><\/a>\n\t\t\t<\/div>\n\t\t\t\t<figcaption class='wp-caption-text gallery-caption' id='gallery-1-774'>\n\t\t\t\tOrigami\/ Jaune\n\t\t\t\t<\/figcaption><\/figure>\n\t\t<\/div>\n\t\t<\/div>\n\t\t\t\t\t\t<\/div>\n\t\t\t\t<\/div>\n\t\t\t\t\t<\/div>\n\t\t<\/div>\n\t\t\t\t\t<\/div>\n\t\t<\/section>\n\t\t\t\t<section class=\"elementor-section elementor-top-section elementor-element elementor-element-7d98840 elementor-section-boxed elementor-section-height-default elementor-section-height-default\" data-id=\"7d98840\" data-element_type=\"section\" data-e-type=\"section\">\n\t\t\t\t\t\t<div class=\"elementor-container elementor-column-gap-default\">\n\t\t\t\t\t<div class=\"elementor-column elementor-col-100 elementor-top-column elementor-element elementor-element-3bfc551\" data-id=\"3bfc551\" data-element_type=\"column\" data-e-type=\"column\">\n\t\t\t<div class=\"elementor-widget-wrap elementor-element-populated\">\n\t\t\t\t\t\t<div class=\"elementor-element elementor-element-c626a9e elementor-widget elementor-widget-text-editor\" data-id=\"c626a9e\" data-element_type=\"widget\" data-e-type=\"widget\" data-widget_type=\"text-editor.default\">\n\t\t\t\t<div class=\"elementor-widget-container\">\n\t\t\t\t\t\t\t\t\t<h4><span style=\"text-decoration: underline;\"><strong>Conseil d&rsquo;entretien :<\/strong><\/span><\/h4>\n<p>Je conseille de la suspendre apr\u00e8s utilisation pour la laisser bien s\u00e9cher.<br>Et vous pouvez passer votre \u00e9ponge en machine \u00e0 laver \u00e9galement<br>-Lavage \u00e0 30\u00b0C (mettre de pr\u00e9f\u00e9rence dans un filet)<br>-S\u00e9chage doux<br>-Pas de produits de blanchiment&nbsp;!<\/p>\n<p>PaulineCr\u00e9ationsFR<\/p>\t\t\t\t\t\t\t\t<\/div>\n\t\t\t\t<\/div>\n\t\t\t\t\t<\/div>\n\t\t<\/div>\n\t\t\t\t\t<\/div>\n\t\t<\/section>\n\t\t\t\t<\/div>\n\t\t","protected":false},"excerpt":{"rendered":"<p>Quoi de mieux pour faire sa vaisselle de fa\u00e7on \u00e9cologique qu&rsquo;une \u00e9ponge z\u00e9ro d\u00e9chet ! Plus besoin d&rsquo;utiliser des \u00e9ponges de supermarch\u00e9 o\u00f9 on ne connait pas leur composition et qui participe \u00e0 la pollution de notre plan\u00e8te, celle ci est compos\u00e9e de ouate imputrescible fran\u00e7aise, d&rsquo;un filet en coton bio pour le c\u00f4t\u00e9 grattant de l&rsquo;\u00e9ponge et de l&rsquo;autre c\u00f4t\u00e9 un tissu double gaz coton Oeko Tex.Pour le motif, je recycle les chutes de tissus qu&rsquo;il me reste de mes autres cr\u00e9ations. Vous pouvez vous en servir dans votre cuisine elle vous apportera une touche de d\u00e9co suppl\u00e9mentaire. Elle poss\u00e8de une attache pour faciliter le s\u00e9chage \u00e0 l&rsquo;air libre.Existe en diff\u00e9rents coloris limit\u00e9s. Wax \/ Camel Wax\/ Bleu Fleurs\/ Bleu Vintage\/ Gris Libellule \/ Rouge Libellule\/ Jaune Origami\/ Jaune Conseil d&rsquo;entretien : Je conseille de la suspendre apr\u00e8s utilisation pour la laisser bien s\u00e9cher.Et vous pouvez passer votre \u00e9ponge en machine \u00e0 laver \u00e9galement-Lavage \u00e0 30\u00b0C (mettre de pr\u00e9f\u00e9rence dans un filet)-S\u00e9chage doux-Pas de produits de blanchiment&nbsp;! PaulineCr\u00e9ationsFR<\/p>\n","protected":false},"author":1,"featured_media":0,"parent":0,"menu_order":0,"comment_status":"closed","ping_status":"closed","template":"","meta":{"footnotes":""},"class_list":["post-299","page","type-page","status-publish","hentry"],"yoast_head":"<!-- This site is optimized with the Yoast SEO plugin v27.0 - https:\/\/yoast.com\/product\/yoast-seo-wordpress\/ -->\n<title>Eponges - PaulineCreations<\/title>\n<meta name=\"robots\" content=\"index, follow, max-snippet:-1, max-image-preview:large, max-video-preview:-1\" \/>\n<link rel=\"canonical\" href=\"https:\/\/www.paulinecreations.fr\/?page_id=299\" \/>\n<meta property=\"og:locale\" content=\"fr_FR\" \/>\n<meta property=\"og:type\" content=\"article\" \/>\n<meta property=\"og:title\" content=\"Eponges - PaulineCreations\" \/>\n<meta property=\"og:description\" content=\"Quoi de mieux pour faire sa vaisselle de fa\u00e7on \u00e9cologique qu&rsquo;une \u00e9ponge z\u00e9ro d\u00e9chet ! Plus besoin d&rsquo;utiliser des \u00e9ponges de supermarch\u00e9 o\u00f9 on ne connait pas leur composition et qui participe \u00e0 la pollution de notre plan\u00e8te, celle ci est compos\u00e9e de ouate imputrescible fran\u00e7aise, d&rsquo;un filet en coton bio pour le c\u00f4t\u00e9 grattant de l&rsquo;\u00e9ponge et de l&rsquo;autre c\u00f4t\u00e9 un tissu double gaz coton Oeko Tex.Pour le motif, je recycle les chutes de tissus qu&rsquo;il me reste de mes autres cr\u00e9ations. Vous pouvez vous en servir dans votre cuisine elle vous apportera une touche de d\u00e9co suppl\u00e9mentaire. Elle poss\u00e8de une attache pour faciliter le s\u00e9chage \u00e0 l&rsquo;air libre.Existe en diff\u00e9rents coloris limit\u00e9s. Wax \/ Camel Wax\/ Bleu Fleurs\/ Bleu Vintage\/ Gris Libellule \/ Rouge Libellule\/ Jaune Origami\/ Jaune Conseil d&rsquo;entretien : Je conseille de la suspendre apr\u00e8s utilisation pour la laisser bien s\u00e9cher.Et vous pouvez passer votre \u00e9ponge en machine \u00e0 laver \u00e9galement-Lavage \u00e0 30\u00b0C (mettre de pr\u00e9f\u00e9rence dans un filet)-S\u00e9chage doux-Pas de produits de blanchiment&nbsp;! PaulineCr\u00e9ationsFR\" \/>\n<meta property=\"og:url\" content=\"https:\/\/www.paulinecreations.fr\/?page_id=299\" \/>\n<meta property=\"og:site_name\" content=\"PaulineCreations\" \/>\n<meta property=\"article:modified_time\" content=\"2022-08-02T21:41:25+00:00\" \/>\n<meta property=\"og:image\" content=\"https:\/\/www.paulinecreations.fr\/wp-content\/uploads\/2022\/03\/20220321_145606-150x150.jpg\" \/>\n<meta name=\"twitter:card\" content=\"summary_large_image\" \/>\n<meta name=\"twitter:label1\" content=\"Dur\u00e9e de lecture estim\u00e9e\" \/>\n\t<meta name=\"twitter:data1\" content=\"1 minute\" \/>\n<script type=\"application\/ld+json\" class=\"yoast-schema-graph\">{\"@context\":\"https:\/\/schema.org\",\"@graph\":[{\"@type\":\"WebPage\",\"@id\":\"https:\/\/www.paulinecreations.fr\/?page_id=299\",\"url\":\"https:\/\/www.paulinecreations.fr\/?page_id=299\",\"name\":\"Eponges - PaulineCreations\",\"isPartOf\":{\"@id\":\"https:\/\/www.paulinecreations.fr\/#website\"},\"primaryImageOfPage\":{\"@id\":\"https:\/\/www.paulinecreations.fr\/?page_id=299#primaryimage\"},\"image\":{\"@id\":\"https:\/\/www.paulinecreations.fr\/?page_id=299#primaryimage\"},\"thumbnailUrl\":\"https:\/\/www.paulinecreations.fr\/wp-content\/uploads\/2022\/03\/20220321_145606-150x150.jpg\",\"datePublished\":\"2022-04-06T19:51:40+00:00\",\"dateModified\":\"2022-08-02T21:41:25+00:00\",\"breadcrumb\":{\"@id\":\"https:\/\/www.paulinecreations.fr\/?page_id=299#breadcrumb\"},\"inLanguage\":\"fr-FR\",\"potentialAction\":[{\"@type\":\"ReadAction\",\"target\":[\"https:\/\/www.paulinecreations.fr\/?page_id=299\"]}]},{\"@type\":\"ImageObject\",\"inLanguage\":\"fr-FR\",\"@id\":\"https:\/\/www.paulinecreations.fr\/?page_id=299#primaryimage\",\"url\":\"https:\/\/www.paulinecreations.fr\/wp-content\/uploads\/2022\/03\/20220321_145606-scaled.jpg\",\"contentUrl\":\"https:\/\/www.paulinecreations.fr\/wp-content\/uploads\/2022\/03\/20220321_145606-scaled.jpg\",\"width\":1920,\"height\":1440,\"caption\":\"Wax \/ Camel\"},{\"@type\":\"BreadcrumbList\",\"@id\":\"https:\/\/www.paulinecreations.fr\/?page_id=299#breadcrumb\",\"itemListElement\":[{\"@type\":\"ListItem\",\"position\":1,\"name\":\"Accueil\",\"item\":\"https:\/\/www.paulinecreations.fr\/\"},{\"@type\":\"ListItem\",\"position\":2,\"name\":\"Eponges\"}]},{\"@type\":\"WebSite\",\"@id\":\"https:\/\/www.paulinecreations.fr\/#website\",\"url\":\"https:\/\/www.paulinecreations.fr\/\",\"name\":\"PaulineCreations\",\"description\":\"Cr\u00e9ations fait mains\",\"publisher\":{\"@id\":\"https:\/\/www.paulinecreations.fr\/#organization\"},\"potentialAction\":[{\"@type\":\"SearchAction\",\"target\":{\"@type\":\"EntryPoint\",\"urlTemplate\":\"https:\/\/www.paulinecreations.fr\/?s={search_term_string}\"},\"query-input\":{\"@type\":\"PropertyValueSpecification\",\"valueRequired\":true,\"valueName\":\"search_term_string\"}}],\"inLanguage\":\"fr-FR\"},{\"@type\":\"Organization\",\"@id\":\"https:\/\/www.paulinecreations.fr\/#organization\",\"name\":\"PaulineCreations\",\"url\":\"https:\/\/www.paulinecreations.fr\/\",\"logo\":{\"@type\":\"ImageObject\",\"inLanguage\":\"fr-FR\",\"@id\":\"https:\/\/www.paulinecreations.fr\/#\/schema\/logo\/image\/\",\"url\":\"https:\/\/www.paulinecreations.fr\/wp-content\/uploads\/2022\/03\/cropped-cropped-IMG-20210805-WA0000-1.jpg\",\"contentUrl\":\"https:\/\/www.paulinecreations.fr\/wp-content\/uploads\/2022\/03\/cropped-cropped-IMG-20210805-WA0000-1.jpg\",\"width\":1568,\"height\":697,\"caption\":\"PaulineCreations\"},\"image\":{\"@id\":\"https:\/\/www.paulinecreations.fr\/#\/schema\/logo\/image\/\"}}]}<\/script>\n<!-- \/ Yoast SEO plugin. -->","yoast_head_json":{"title":"Eponges - PaulineCreations","robots":{"index":"index","follow":"follow","max-snippet":"max-snippet:-1","max-image-preview":"max-image-preview:large","max-video-preview":"max-video-preview:-1"},"canonical":"https:\/\/www.paulinecreations.fr\/?page_id=299","og_locale":"fr_FR","og_type":"article","og_title":"Eponges - PaulineCreations","og_description":"Quoi de mieux pour faire sa vaisselle de fa\u00e7on \u00e9cologique qu&rsquo;une \u00e9ponge z\u00e9ro d\u00e9chet ! Plus besoin d&rsquo;utiliser des \u00e9ponges de supermarch\u00e9 o\u00f9 on ne connait pas leur composition et qui participe \u00e0 la pollution de notre plan\u00e8te, celle ci est compos\u00e9e de ouate imputrescible fran\u00e7aise, d&rsquo;un filet en coton bio pour le c\u00f4t\u00e9 grattant de l&rsquo;\u00e9ponge et de l&rsquo;autre c\u00f4t\u00e9 un tissu double gaz coton Oeko Tex.Pour le motif, je recycle les chutes de tissus qu&rsquo;il me reste de mes autres cr\u00e9ations. Vous pouvez vous en servir dans votre cuisine elle vous apportera une touche de d\u00e9co suppl\u00e9mentaire. Elle poss\u00e8de une attache pour faciliter le s\u00e9chage \u00e0 l&rsquo;air libre.Existe en diff\u00e9rents coloris limit\u00e9s. Wax \/ Camel Wax\/ Bleu Fleurs\/ Bleu Vintage\/ Gris Libellule \/ Rouge Libellule\/ Jaune Origami\/ Jaune Conseil d&rsquo;entretien : Je conseille de la suspendre apr\u00e8s utilisation pour la laisser bien s\u00e9cher.Et vous pouvez passer votre \u00e9ponge en machine \u00e0 laver \u00e9galement-Lavage \u00e0 30\u00b0C (mettre de pr\u00e9f\u00e9rence dans un filet)-S\u00e9chage doux-Pas de produits de blanchiment&nbsp;! PaulineCr\u00e9ationsFR","og_url":"https:\/\/www.paulinecreations.fr\/?page_id=299","og_site_name":"PaulineCreations","article_modified_time":"2022-08-02T21:41:25+00:00","og_image":[{"url":"https:\/\/www.paulinecreations.fr\/wp-content\/uploads\/2022\/03\/20220321_145606-150x150.jpg","type":"","width":"","height":""}],"twitter_card":"summary_large_image","twitter_misc":{"Dur\u00e9e de lecture estim\u00e9e":"1 minute"},"schema":{"@context":"https:\/\/schema.org","@graph":[{"@type":"WebPage","@id":"https:\/\/www.paulinecreations.fr\/?page_id=299","url":"https:\/\/www.paulinecreations.fr\/?page_id=299","name":"Eponges - PaulineCreations","isPartOf":{"@id":"https:\/\/www.paulinecreations.fr\/#website"},"primaryImageOfPage":{"@id":"https:\/\/www.paulinecreations.fr\/?page_id=299#primaryimage"},"image":{"@id":"https:\/\/www.paulinecreations.fr\/?page_id=299#primaryimage"},"thumbnailUrl":"https:\/\/www.paulinecreations.fr\/wp-content\/uploads\/2022\/03\/20220321_145606-150x150.jpg","datePublished":"2022-04-06T19:51:40+00:00","dateModified":"2022-08-02T21:41:25+00:00","breadcrumb":{"@id":"https:\/\/www.paulinecreations.fr\/?page_id=299#breadcrumb"},"inLanguage":"fr-FR","potentialAction":[{"@type":"ReadAction","target":["https:\/\/www.paulinecreations.fr\/?page_id=299"]}]},{"@type":"ImageObject","inLanguage":"fr-FR","@id":"https:\/\/www.paulinecreations.fr\/?page_id=299#primaryimage","url":"https:\/\/www.paulinecreations.fr\/wp-content\/uploads\/2022\/03\/20220321_145606-scaled.jpg","contentUrl":"https:\/\/www.paulinecreations.fr\/wp-content\/uploads\/2022\/03\/20220321_145606-scaled.jpg","width":1920,"height":1440,"caption":"Wax \/ Camel"},{"@type":"BreadcrumbList","@id":"https:\/\/www.paulinecreations.fr\/?page_id=299#breadcrumb","itemListElement":[{"@type":"ListItem","position":1,"name":"Accueil","item":"https:\/\/www.paulinecreations.fr\/"},{"@type":"ListItem","position":2,"name":"Eponges"}]},{"@type":"WebSite","@id":"https:\/\/www.paulinecreations.fr\/#website","url":"https:\/\/www.paulinecreations.fr\/","name":"PaulineCreations","description":"Cr\u00e9ations fait mains","publisher":{"@id":"https:\/\/www.paulinecreations.fr\/#organization"},"potentialAction":[{"@type":"SearchAction","target":{"@type":"EntryPoint","urlTemplate":"https:\/\/www.paulinecreations.fr\/?s={search_term_string}"},"query-input":{"@type":"PropertyValueSpecification","valueRequired":true,"valueName":"search_term_string"}}],"inLanguage":"fr-FR"},{"@type":"Organization","@id":"https:\/\/www.paulinecreations.fr\/#organization","name":"PaulineCreations","url":"https:\/\/www.paulinecreations.fr\/","logo":{"@type":"ImageObject","inLanguage":"fr-FR","@id":"https:\/\/www.paulinecreations.fr\/#\/schema\/logo\/image\/","url":"https:\/\/www.paulinecreations.fr\/wp-content\/uploads\/2022\/03\/cropped-cropped-IMG-20210805-WA0000-1.jpg","contentUrl":"https:\/\/www.paulinecreations.fr\/wp-content\/uploads\/2022\/03\/cropped-cropped-IMG-20210805-WA0000-1.jpg","width":1568,"height":697,"caption":"PaulineCreations"},"image":{"@id":"https:\/\/www.paulinecreations.fr\/#\/schema\/logo\/image\/"}}]}},"_links":{"self":[{"href":"https:\/\/www.paulinecreations.fr\/index.php?rest_route=\/wp\/v2\/pages\/299","targetHints":{"allow":["GET"]}}],"collection":[{"href":"https:\/\/www.paulinecreations.fr\/index.php?rest_route=\/wp\/v2\/pages"}],"about":[{"href":"https:\/\/www.paulinecreations.fr\/index.php?rest_route=\/wp\/v2\/types\/page"}],"author":[{"embeddable":true,"href":"https:\/\/www.paulinecreations.fr\/index.php?rest_route=\/wp\/v2\/users\/1"}],"replies":[{"embeddable":true,"href":"https:\/\/www.paulinecreations.fr\/index.php?rest_route=%2Fwp%2Fv2%2Fcomments&post=299"}],"version-history":[{"count":1,"href":"https:\/\/www.paulinecreations.fr\/index.php?rest_route=\/wp\/v2\/pages\/299\/revisions"}],"predecessor-version":[{"id":1314,"href":"https:\/\/www.paulinecreations.fr\/index.php?rest_route=\/wp\/v2\/pages\/299\/revisions\/1314"}],"wp:attachment":[{"href":"https:\/\/www.paulinecreations.fr\/index.php?rest_route=%2Fwp%2Fv2%2Fmedia&parent=299"}],"curies":[{"name":"wp","href":"https:\/\/api.w.org\/{rel}","templated":true}]}}