{"id":292,"date":"2022-04-06T21:49:45","date_gmt":"2022-04-06T19:49:45","guid":{"rendered":"http:\/\/dev.paulinecreations.fr\/?page_id=292"},"modified":"2022-08-04T13:54:18","modified_gmt":"2022-08-04T11:54:18","slug":"essuie-tout","status":"publish","type":"page","link":"https:\/\/www.paulinecreations.fr\/?page_id=292","title":{"rendered":"Essuie-tout"},"content":{"rendered":"\t\t<div data-elementor-type=\"wp-page\" data-elementor-id=\"292\" class=\"elementor elementor-292\" data-elementor-post-type=\"page\">\n\t\t\t\t\t\t<section class=\"elementor-section elementor-top-section elementor-element elementor-element-7a5173da elementor-section-boxed elementor-section-height-default elementor-section-height-default\" data-id=\"7a5173da\" data-element_type=\"section\" data-e-type=\"section\">\n\t\t\t\t\t\t<div class=\"elementor-container elementor-column-gap-default\">\n\t\t\t\t\t<div class=\"elementor-column elementor-col-100 elementor-top-column elementor-element elementor-element-79ac0d22\" data-id=\"79ac0d22\" data-element_type=\"column\" data-e-type=\"column\">\n\t\t\t<div class=\"elementor-widget-wrap elementor-element-populated\">\n\t\t\t\t\t\t<div class=\"elementor-element elementor-element-bb2be31 elementor-widget elementor-widget-text-editor\" data-id=\"bb2be31\" data-element_type=\"widget\" data-e-type=\"widget\" data-widget_type=\"text-editor.default\">\n\t\t\t\t<div class=\"elementor-widget-container\">\n\t\t\t\t\t\t\t\t\t<p>Dans une d\u00e9marche z\u00e9ro d\u00e9chet, les rouleaux d&rsquo;essuie tout lavables et r\u00e9utilisables vous permettront de vous d\u00e9barrasser de vos rouleaux de sopalins jetables pour 20\u20ac.<\/p>\n<p>Ils contiennent 6 feuilles reli\u00e9es entre elles par des boutons pressions en plastique, le dessus est fait avec des tissus \u00e0 motifs en coton certifi\u00e9 Oeko-Tex (pour le cot\u00e9 d\u00e9co)<br \/>\u00a0et le dessous avec un tissu \u00e9ponge certifi\u00e9 Oeko-Tex \u00e9galement (pour le cot\u00e9 absorbant). Leurs dimensions est de 21,5&#215;23,5 cm \u00a0<\/p>\n<p>Laissez vous donc s\u00e9duire par cette d\u00e9marche z\u00e9ro d\u00e9chet qui vous fera une touche de d\u00e9co dans votre cuisine ou pour offrir.<\/p>\t\t\t\t\t\t\t\t<\/div>\n\t\t\t\t<\/div>\n\t\t\t\t<div class=\"elementor-element elementor-element-241ea6b gallery-spacing-custom elementor-widget elementor-widget-image-gallery\" data-id=\"241ea6b\" data-element_type=\"widget\" data-e-type=\"widget\" data-widget_type=\"image-gallery.default\">\n\t\t\t\t<div class=\"elementor-widget-container\">\n\t\t\t\t\t\t\t<div class=\"elementor-image-gallery\">\n\t\t\t<div id='gallery-1' class='gallery galleryid-292 gallery-columns-3 gallery-size-thumbnail'><figure class='gallery-item'>\n\t\t\t<div class='gallery-icon portrait'>\n\t\t\t\t<a data-elementor-open-lightbox=\"yes\" data-elementor-lightbox-slideshow=\"241ea6b\" data-elementor-lightbox-title=\"origami\" data-e-action-hash=\"#elementor-action%3Aaction%3Dlightbox%26settings%3DeyJpZCI6ODksInVybCI6Imh0dHBzOlwvXC93d3cucGF1bGluZWNyZWF0aW9ucy5mclwvd3AtY29udGVudFwvdXBsb2Fkc1wvMjAyMlwvMDNcLzIwMjIwMzIxXzE2MzYyNC1zY2FsZWQuanBnIiwic2xpZGVzaG93IjoiMjQxZWE2YiJ9\" href='https:\/\/www.paulinecreations.fr\/wp-content\/uploads\/2022\/03\/20220321_163624-scaled.jpg'><img decoding=\"async\" width=\"150\" height=\"150\" src=\"https:\/\/www.paulinecreations.fr\/wp-content\/uploads\/2022\/03\/20220321_163624-150x150.jpg\" class=\"attachment-thumbnail size-thumbnail\" alt=\"\" aria-describedby=\"gallery-1-89\" srcset=\"https:\/\/www.paulinecreations.fr\/wp-content\/uploads\/2022\/03\/20220321_163624-150x150.jpg 150w, https:\/\/www.paulinecreations.fr\/wp-content\/uploads\/2022\/03\/20220321_163624-scaled-300x300.jpg 300w, https:\/\/www.paulinecreations.fr\/wp-content\/uploads\/2022\/03\/20220321_163624-scaled-100x100.jpg 100w\" sizes=\"(max-width: 150px) 100vw, 150px\" \/><\/a>\n\t\t\t<\/div>\n\t\t\t\t<figcaption class='wp-caption-text gallery-caption' id='gallery-1-89'>\n\t\t\t\tOrigami \/ Bleu\n\t\t\t\t<\/figcaption><\/figure><figure class='gallery-item'>\n\t\t\t<div class='gallery-icon portrait'>\n\t\t\t\t<a data-elementor-open-lightbox=\"yes\" data-elementor-lightbox-slideshow=\"241ea6b\" data-elementor-lightbox-title=\"fleurs\" data-e-action-hash=\"#elementor-action%3Aaction%3Dlightbox%26settings%3DeyJpZCI6OTEsInVybCI6Imh0dHBzOlwvXC93d3cucGF1bGluZWNyZWF0aW9ucy5mclwvd3AtY29udGVudFwvdXBsb2Fkc1wvMjAyMlwvMDNcLzIwMjIwMzIxXzE2NDAyMS1zY2FsZWQuanBnIiwic2xpZGVzaG93IjoiMjQxZWE2YiJ9\" href='https:\/\/www.paulinecreations.fr\/wp-content\/uploads\/2022\/03\/20220321_164021-scaled.jpg'><img decoding=\"async\" width=\"150\" height=\"150\" src=\"https:\/\/www.paulinecreations.fr\/wp-content\/uploads\/2022\/03\/20220321_164021-150x150.jpg\" class=\"attachment-thumbnail size-thumbnail\" alt=\"\" aria-describedby=\"gallery-1-91\" srcset=\"https:\/\/www.paulinecreations.fr\/wp-content\/uploads\/2022\/03\/20220321_164021-150x150.jpg 150w, https:\/\/www.paulinecreations.fr\/wp-content\/uploads\/2022\/03\/20220321_164021-scaled-300x300.jpg 300w, https:\/\/www.paulinecreations.fr\/wp-content\/uploads\/2022\/03\/20220321_164021-scaled-100x100.jpg 100w\" sizes=\"(max-width: 150px) 100vw, 150px\" \/><\/a>\n\t\t\t<\/div>\n\t\t\t\t<figcaption class='wp-caption-text gallery-caption' id='gallery-1-91'>\n\t\t\t\tFleurs \/ Bleu\n\t\t\t\t<\/figcaption><\/figure><figure class='gallery-item'>\n\t\t\t<div class='gallery-icon portrait'>\n\t\t\t\t<a data-elementor-open-lightbox=\"yes\" data-elementor-lightbox-slideshow=\"241ea6b\" data-elementor-lightbox-title=\"fleurs\" data-e-action-hash=\"#elementor-action%3Aaction%3Dlightbox%26settings%3DeyJpZCI6OTIsInVybCI6Imh0dHBzOlwvXC93d3cucGF1bGluZWNyZWF0aW9ucy5mclwvd3AtY29udGVudFwvdXBsb2Fkc1wvMjAyMlwvMDNcLzIwMjIwMzIxXzE2NDMyMy1zY2FsZWQuanBnIiwic2xpZGVzaG93IjoiMjQxZWE2YiJ9\" href='https:\/\/www.paulinecreations.fr\/wp-content\/uploads\/2022\/03\/20220321_164323-scaled.jpg'><img decoding=\"async\" width=\"150\" height=\"150\" src=\"https:\/\/www.paulinecreations.fr\/wp-content\/uploads\/2022\/03\/20220321_164323-150x150.jpg\" class=\"attachment-thumbnail size-thumbnail\" alt=\"\" aria-describedby=\"gallery-1-92\" srcset=\"https:\/\/www.paulinecreations.fr\/wp-content\/uploads\/2022\/03\/20220321_164323-150x150.jpg 150w, https:\/\/www.paulinecreations.fr\/wp-content\/uploads\/2022\/03\/20220321_164323-scaled-300x300.jpg 300w, https:\/\/www.paulinecreations.fr\/wp-content\/uploads\/2022\/03\/20220321_164323-scaled-100x100.jpg 100w\" sizes=\"(max-width: 150px) 100vw, 150px\" \/><\/a>\n\t\t\t<\/div>\n\t\t\t\t<figcaption class='wp-caption-text gallery-caption' id='gallery-1-92'>\n\t\t\t\tFleurs \/ Corail\n\t\t\t\t<\/figcaption><\/figure><figure class='gallery-item'>\n\t\t\t<div class='gallery-icon portrait'>\n\t\t\t\t<a data-elementor-open-lightbox=\"yes\" data-elementor-lightbox-slideshow=\"241ea6b\" data-elementor-lightbox-title=\"fleurs\" data-e-action-hash=\"#elementor-action%3Aaction%3Dlightbox%26settings%3DeyJpZCI6OTMsInVybCI6Imh0dHBzOlwvXC93d3cucGF1bGluZWNyZWF0aW9ucy5mclwvd3AtY29udGVudFwvdXBsb2Fkc1wvMjAyMlwvMDNcLzIwMjIwMzIxXzE2NDUzNi1zY2FsZWQuanBnIiwic2xpZGVzaG93IjoiMjQxZWE2YiJ9\" href='https:\/\/www.paulinecreations.fr\/wp-content\/uploads\/2022\/03\/20220321_164536-scaled.jpg'><img loading=\"lazy\" decoding=\"async\" width=\"150\" height=\"150\" src=\"https:\/\/www.paulinecreations.fr\/wp-content\/uploads\/2022\/03\/20220321_164536-150x150.jpg\" class=\"attachment-thumbnail size-thumbnail\" alt=\"\" aria-describedby=\"gallery-1-93\" srcset=\"https:\/\/www.paulinecreations.fr\/wp-content\/uploads\/2022\/03\/20220321_164536-150x150.jpg 150w, https:\/\/www.paulinecreations.fr\/wp-content\/uploads\/2022\/03\/20220321_164536-scaled-300x300.jpg 300w, https:\/\/www.paulinecreations.fr\/wp-content\/uploads\/2022\/03\/20220321_164536-scaled-100x100.jpg 100w\" sizes=\"(max-width: 150px) 100vw, 150px\" \/><\/a>\n\t\t\t<\/div>\n\t\t\t\t<figcaption class='wp-caption-text gallery-caption' id='gallery-1-93'>\n\t\t\t\tFleurs \/ Jaune\n\t\t\t\t<\/figcaption><\/figure><figure class='gallery-item'>\n\t\t\t<div class='gallery-icon portrait'>\n\t\t\t\t<a data-elementor-open-lightbox=\"yes\" data-elementor-lightbox-slideshow=\"241ea6b\" data-elementor-lightbox-title=\"vintage\" data-e-action-hash=\"#elementor-action%3Aaction%3Dlightbox%26settings%3DeyJpZCI6NzcxLCJ1cmwiOiJodHRwczpcL1wvd3d3LnBhdWxpbmVjcmVhdGlvbnMuZnJcL3dwLWNvbnRlbnRcL3VwbG9hZHNcLzIwMjJcLzA4XC8yMDIyMDczMV8wOTM4MDUtMi1zY2FsZWQuanBnIiwic2xpZGVzaG93IjoiMjQxZWE2YiJ9\" href='https:\/\/www.paulinecreations.fr\/wp-content\/uploads\/2022\/08\/20220731_093805-2-scaled.jpg'><img loading=\"lazy\" decoding=\"async\" width=\"150\" height=\"150\" src=\"https:\/\/www.paulinecreations.fr\/wp-content\/uploads\/2022\/08\/20220731_093805-2-150x150.jpg\" class=\"attachment-thumbnail size-thumbnail\" alt=\"\" aria-describedby=\"gallery-1-771\" srcset=\"https:\/\/www.paulinecreations.fr\/wp-content\/uploads\/2022\/08\/20220731_093805-2-150x150.jpg 150w, https:\/\/www.paulinecreations.fr\/wp-content\/uploads\/2022\/08\/20220731_093805-2-300x300.jpg 300w, https:\/\/www.paulinecreations.fr\/wp-content\/uploads\/2022\/08\/20220731_093805-2-scaled-100x100.jpg 100w, https:\/\/www.paulinecreations.fr\/wp-content\/uploads\/2022\/08\/20220731_093805-2-75x75.jpg 75w\" sizes=\"(max-width: 150px) 100vw, 150px\" \/><\/a>\n\t\t\t<\/div>\n\t\t\t\t<figcaption class='wp-caption-text gallery-caption' id='gallery-1-771'>\n\t\t\t\tVintage\/ Gris\n\t\t\t\t<\/figcaption><\/figure><figure class='gallery-item'>\n\t\t\t<div class='gallery-icon portrait'>\n\t\t\t\t<a data-elementor-open-lightbox=\"yes\" data-elementor-lightbox-slideshow=\"241ea6b\" data-elementor-lightbox-title=\"eventails rose\" data-e-action-hash=\"#elementor-action%3Aaction%3Dlightbox%26settings%3DeyJpZCI6NzcyLCJ1cmwiOiJodHRwczpcL1wvd3d3LnBhdWxpbmVjcmVhdGlvbnMuZnJcL3dwLWNvbnRlbnRcL3VwbG9hZHNcLzIwMjJcLzA4XC8yMDIyMDczMV8wOTQ2MDMtc2NhbGVkLmpwZyIsInNsaWRlc2hvdyI6IjI0MWVhNmIifQ%3D%3D\" href='https:\/\/www.paulinecreations.fr\/wp-content\/uploads\/2022\/08\/20220731_094603-scaled.jpg'><img loading=\"lazy\" decoding=\"async\" width=\"150\" height=\"150\" src=\"https:\/\/www.paulinecreations.fr\/wp-content\/uploads\/2022\/08\/20220731_094603-150x150.jpg\" class=\"attachment-thumbnail size-thumbnail\" alt=\"\" aria-describedby=\"gallery-1-772\" srcset=\"https:\/\/www.paulinecreations.fr\/wp-content\/uploads\/2022\/08\/20220731_094603-150x150.jpg 150w, https:\/\/www.paulinecreations.fr\/wp-content\/uploads\/2022\/08\/20220731_094603-300x300.jpg 300w, https:\/\/www.paulinecreations.fr\/wp-content\/uploads\/2022\/08\/20220731_094603-scaled-100x100.jpg 100w, https:\/\/www.paulinecreations.fr\/wp-content\/uploads\/2022\/08\/20220731_094603-75x75.jpg 75w\" sizes=\"(max-width: 150px) 100vw, 150px\" \/><\/a>\n\t\t\t<\/div>\n\t\t\t\t<figcaption class='wp-caption-text gallery-caption' id='gallery-1-772'>\n\t\t\t\tEventails\/ Rose\n\t\t\t\t<\/figcaption><\/figure><figure class='gallery-item'>\n\t\t\t<div class='gallery-icon portrait'>\n\t\t\t\t<a data-elementor-open-lightbox=\"yes\" data-elementor-lightbox-slideshow=\"241ea6b\" data-elementor-lightbox-title=\"Rosaces\" data-e-action-hash=\"#elementor-action%3Aaction%3Dlightbox%26settings%3DeyJpZCI6ODE4LCJ1cmwiOiJodHRwczpcL1wvd3d3LnBhdWxpbmVjcmVhdGlvbnMuZnJcL3dwLWNvbnRlbnRcL3VwbG9hZHNcLzIwMjJcLzA4XC8yMDIyMDgwM18xMDU5MTYtc2NhbGVkLmpwZyIsInNsaWRlc2hvdyI6IjI0MWVhNmIifQ%3D%3D\" href='https:\/\/www.paulinecreations.fr\/wp-content\/uploads\/2022\/08\/20220803_105916-scaled.jpg'><img loading=\"lazy\" decoding=\"async\" width=\"150\" height=\"150\" src=\"https:\/\/www.paulinecreations.fr\/wp-content\/uploads\/2022\/08\/20220803_105916-150x150.jpg\" class=\"attachment-thumbnail size-thumbnail\" alt=\"\" aria-describedby=\"gallery-1-818\" srcset=\"https:\/\/www.paulinecreations.fr\/wp-content\/uploads\/2022\/08\/20220803_105916-150x150.jpg 150w, https:\/\/www.paulinecreations.fr\/wp-content\/uploads\/2022\/08\/20220803_105916-300x300.jpg 300w, https:\/\/www.paulinecreations.fr\/wp-content\/uploads\/2022\/08\/20220803_105916-scaled-100x100.jpg 100w, https:\/\/www.paulinecreations.fr\/wp-content\/uploads\/2022\/08\/20220803_105916-75x75.jpg 75w\" sizes=\"(max-width: 150px) 100vw, 150px\" \/><\/a>\n\t\t\t<\/div>\n\t\t\t\t<figcaption class='wp-caption-text gallery-caption' id='gallery-1-818'>\n\t\t\t\tRosaces\/ Kaki Rouge Creme\n\t\t\t\t<\/figcaption><\/figure>\n\t\t<\/div>\n\t\t<\/div>\n\t\t\t\t\t\t<\/div>\n\t\t\t\t<\/div>\n\t\t\t\t<div class=\"elementor-element elementor-element-5254609f elementor-widget elementor-widget-text-editor\" data-id=\"5254609f\" data-element_type=\"widget\" data-e-type=\"widget\" data-widget_type=\"text-editor.default\">\n\t\t\t\t<div class=\"elementor-widget-container\">\n\t\t\t\t\t\t\t\t\t<p>\u00a0<\/p>\n\t\t\t\t\t\t\t\t<\/div>\n\t\t\t\t<\/div>\n\t\t\t\t\t<\/div>\n\t\t<\/div>\n\t\t\t\t\t<\/div>\n\t\t<\/section>\n\t\t\t\t<section class=\"elementor-section elementor-top-section elementor-element elementor-element-f3f5406 elementor-section-boxed elementor-section-height-default elementor-section-height-default\" data-id=\"f3f5406\" data-element_type=\"section\" data-e-type=\"section\">\n\t\t\t\t\t\t<div class=\"elementor-container elementor-column-gap-default\">\n\t\t\t\t\t<div class=\"elementor-column elementor-col-100 elementor-top-column elementor-element elementor-element-0603078\" data-id=\"0603078\" data-element_type=\"column\" data-e-type=\"column\">\n\t\t\t<div class=\"elementor-widget-wrap elementor-element-populated\">\n\t\t\t\t\t\t<div class=\"elementor-element elementor-element-cf5b285 elementor-widget elementor-widget-text-editor\" data-id=\"cf5b285\" data-element_type=\"widget\" data-e-type=\"widget\" data-widget_type=\"text-editor.default\">\n\t\t\t\t<div class=\"elementor-widget-container\">\n\t\t\t\t\t\t\t\t\t<h4><span style=\"text-decoration: underline;\"><strong>Conseils d&rsquo;entretien :<\/strong><\/span><\/h4>\n<p>-Lavage \u00e0 30\u00b0C (mettre de pr\u00e9f\u00e9rence dans un filet)<br>-S\u00e9chage doux<br>-Pas de produits de blanchiment&nbsp;!<\/p>\n<p>Une fois lav\u00e9, il ne vous reste plus qu\u2019\u00e0 reformer votre rouleau et c\u2019est reparti pour un tour&nbsp;!<\/p>\n<p>PaulineCr\u00e9ationsFR<\/p>\t\t\t\t\t\t\t\t<\/div>\n\t\t\t\t<\/div>\n\t\t\t\t\t<\/div>\n\t\t<\/div>\n\t\t\t\t\t<\/div>\n\t\t<\/section>\n\t\t\t\t<\/div>\n\t\t","protected":false},"excerpt":{"rendered":"<p>Dans une d\u00e9marche z\u00e9ro d\u00e9chet, les rouleaux d&rsquo;essuie tout lavables et r\u00e9utilisables vous permettront de vous d\u00e9barrasser de vos rouleaux de sopalins jetables pour 20\u20ac. Ils contiennent 6 feuilles reli\u00e9es entre elles par des boutons pressions en plastique, le dessus est fait avec des tissus \u00e0 motifs en coton certifi\u00e9 Oeko-Tex (pour le cot\u00e9 d\u00e9co)\u00a0et le dessous avec un tissu \u00e9ponge certifi\u00e9 Oeko-Tex \u00e9galement (pour le cot\u00e9 absorbant). Leurs dimensions est de 21,5&#215;23,5 cm \u00a0 Laissez vous donc s\u00e9duire par cette d\u00e9marche z\u00e9ro d\u00e9chet qui vous fera une touche de d\u00e9co dans votre cuisine ou pour offrir. Origami \/ Bleu Fleurs \/ Bleu Fleurs \/ Corail Fleurs \/ Jaune Vintage\/ Gris Eventails\/ Rose Rosaces\/ Kaki Rouge Creme \u00a0 Conseils d&rsquo;entretien : -Lavage \u00e0 30\u00b0C (mettre de pr\u00e9f\u00e9rence dans un filet)-S\u00e9chage doux-Pas de produits de blanchiment&nbsp;! Une fois lav\u00e9, il ne vous reste plus qu\u2019\u00e0 reformer votre rouleau et c\u2019est reparti pour un tour&nbsp;! PaulineCr\u00e9ationsFR<\/p>\n","protected":false},"author":1,"featured_media":0,"parent":0,"menu_order":0,"comment_status":"closed","ping_status":"closed","template":"","meta":{"footnotes":""},"class_list":["post-292","page","type-page","status-publish","hentry"],"yoast_head":"<!-- This site is optimized with the Yoast SEO plugin v27.0 - https:\/\/yoast.com\/product\/yoast-seo-wordpress\/ -->\n<title>Essuie-tout - PaulineCreations<\/title>\n<meta name=\"robots\" content=\"index, follow, max-snippet:-1, max-image-preview:large, max-video-preview:-1\" \/>\n<link rel=\"canonical\" href=\"https:\/\/www.paulinecreations.fr\/?page_id=292\" \/>\n<meta property=\"og:locale\" content=\"fr_FR\" \/>\n<meta property=\"og:type\" content=\"article\" \/>\n<meta property=\"og:title\" content=\"Essuie-tout - PaulineCreations\" \/>\n<meta property=\"og:description\" content=\"Dans une d\u00e9marche z\u00e9ro d\u00e9chet, les rouleaux d&rsquo;essuie tout lavables et r\u00e9utilisables vous permettront de vous d\u00e9barrasser de vos rouleaux de sopalins jetables pour 20\u20ac. Ils contiennent 6 feuilles reli\u00e9es entre elles par des boutons pressions en plastique, le dessus est fait avec des tissus \u00e0 motifs en coton certifi\u00e9 Oeko-Tex (pour le cot\u00e9 d\u00e9co)\u00a0et le dessous avec un tissu \u00e9ponge certifi\u00e9 Oeko-Tex \u00e9galement (pour le cot\u00e9 absorbant). Leurs dimensions est de 21,5&#215;23,5 cm \u00a0 Laissez vous donc s\u00e9duire par cette d\u00e9marche z\u00e9ro d\u00e9chet qui vous fera une touche de d\u00e9co dans votre cuisine ou pour offrir. Origami \/ Bleu Fleurs \/ Bleu Fleurs \/ Corail Fleurs \/ Jaune Vintage\/ Gris Eventails\/ Rose Rosaces\/ Kaki Rouge Creme \u00a0 Conseils d&rsquo;entretien : -Lavage \u00e0 30\u00b0C (mettre de pr\u00e9f\u00e9rence dans un filet)-S\u00e9chage doux-Pas de produits de blanchiment&nbsp;! Une fois lav\u00e9, il ne vous reste plus qu\u2019\u00e0 reformer votre rouleau et c\u2019est reparti pour un tour&nbsp;! PaulineCr\u00e9ationsFR\" \/>\n<meta property=\"og:url\" content=\"https:\/\/www.paulinecreations.fr\/?page_id=292\" \/>\n<meta property=\"og:site_name\" content=\"PaulineCreations\" \/>\n<meta property=\"article:modified_time\" content=\"2022-08-04T11:54:18+00:00\" \/>\n<meta property=\"og:image\" content=\"https:\/\/www.paulinecreations.fr\/wp-content\/uploads\/2022\/03\/20220321_163624-150x150.jpg\" \/>\n<meta name=\"twitter:card\" content=\"summary_large_image\" \/>\n<meta name=\"twitter:label1\" content=\"Dur\u00e9e de lecture estim\u00e9e\" \/>\n\t<meta name=\"twitter:data1\" content=\"1 minute\" \/>\n<script type=\"application\/ld+json\" class=\"yoast-schema-graph\">{\"@context\":\"https:\/\/schema.org\",\"@graph\":[{\"@type\":\"WebPage\",\"@id\":\"https:\/\/www.paulinecreations.fr\/?page_id=292\",\"url\":\"https:\/\/www.paulinecreations.fr\/?page_id=292\",\"name\":\"Essuie-tout - PaulineCreations\",\"isPartOf\":{\"@id\":\"https:\/\/www.paulinecreations.fr\/#website\"},\"primaryImageOfPage\":{\"@id\":\"https:\/\/www.paulinecreations.fr\/?page_id=292#primaryimage\"},\"image\":{\"@id\":\"https:\/\/www.paulinecreations.fr\/?page_id=292#primaryimage\"},\"thumbnailUrl\":\"https:\/\/www.paulinecreations.fr\/wp-content\/uploads\/2022\/03\/20220321_163624-150x150.jpg\",\"datePublished\":\"2022-04-06T19:49:45+00:00\",\"dateModified\":\"2022-08-04T11:54:18+00:00\",\"breadcrumb\":{\"@id\":\"https:\/\/www.paulinecreations.fr\/?page_id=292#breadcrumb\"},\"inLanguage\":\"fr-FR\",\"potentialAction\":[{\"@type\":\"ReadAction\",\"target\":[\"https:\/\/www.paulinecreations.fr\/?page_id=292\"]}]},{\"@type\":\"ImageObject\",\"inLanguage\":\"fr-FR\",\"@id\":\"https:\/\/www.paulinecreations.fr\/?page_id=292#primaryimage\",\"url\":\"https:\/\/www.paulinecreations.fr\/wp-content\/uploads\/2022\/03\/20220321_163624-scaled.jpg\",\"contentUrl\":\"https:\/\/www.paulinecreations.fr\/wp-content\/uploads\/2022\/03\/20220321_163624-scaled.jpg\",\"width\":1440,\"height\":1920,\"caption\":\"Origami \/ Bleu\"},{\"@type\":\"BreadcrumbList\",\"@id\":\"https:\/\/www.paulinecreations.fr\/?page_id=292#breadcrumb\",\"itemListElement\":[{\"@type\":\"ListItem\",\"position\":1,\"name\":\"Accueil\",\"item\":\"https:\/\/www.paulinecreations.fr\/\"},{\"@type\":\"ListItem\",\"position\":2,\"name\":\"Essuie-tout\"}]},{\"@type\":\"WebSite\",\"@id\":\"https:\/\/www.paulinecreations.fr\/#website\",\"url\":\"https:\/\/www.paulinecreations.fr\/\",\"name\":\"PaulineCreations\",\"description\":\"Cr\u00e9ations fait mains\",\"publisher\":{\"@id\":\"https:\/\/www.paulinecreations.fr\/#organization\"},\"potentialAction\":[{\"@type\":\"SearchAction\",\"target\":{\"@type\":\"EntryPoint\",\"urlTemplate\":\"https:\/\/www.paulinecreations.fr\/?s={search_term_string}\"},\"query-input\":{\"@type\":\"PropertyValueSpecification\",\"valueRequired\":true,\"valueName\":\"search_term_string\"}}],\"inLanguage\":\"fr-FR\"},{\"@type\":\"Organization\",\"@id\":\"https:\/\/www.paulinecreations.fr\/#organization\",\"name\":\"PaulineCreations\",\"url\":\"https:\/\/www.paulinecreations.fr\/\",\"logo\":{\"@type\":\"ImageObject\",\"inLanguage\":\"fr-FR\",\"@id\":\"https:\/\/www.paulinecreations.fr\/#\/schema\/logo\/image\/\",\"url\":\"https:\/\/www.paulinecreations.fr\/wp-content\/uploads\/2022\/03\/cropped-cropped-IMG-20210805-WA0000-1.jpg\",\"contentUrl\":\"https:\/\/www.paulinecreations.fr\/wp-content\/uploads\/2022\/03\/cropped-cropped-IMG-20210805-WA0000-1.jpg\",\"width\":1568,\"height\":697,\"caption\":\"PaulineCreations\"},\"image\":{\"@id\":\"https:\/\/www.paulinecreations.fr\/#\/schema\/logo\/image\/\"}}]}<\/script>\n<!-- \/ Yoast SEO plugin. -->","yoast_head_json":{"title":"Essuie-tout - PaulineCreations","robots":{"index":"index","follow":"follow","max-snippet":"max-snippet:-1","max-image-preview":"max-image-preview:large","max-video-preview":"max-video-preview:-1"},"canonical":"https:\/\/www.paulinecreations.fr\/?page_id=292","og_locale":"fr_FR","og_type":"article","og_title":"Essuie-tout - PaulineCreations","og_description":"Dans une d\u00e9marche z\u00e9ro d\u00e9chet, les rouleaux d&rsquo;essuie tout lavables et r\u00e9utilisables vous permettront de vous d\u00e9barrasser de vos rouleaux de sopalins jetables pour 20\u20ac. Ils contiennent 6 feuilles reli\u00e9es entre elles par des boutons pressions en plastique, le dessus est fait avec des tissus \u00e0 motifs en coton certifi\u00e9 Oeko-Tex (pour le cot\u00e9 d\u00e9co)\u00a0et le dessous avec un tissu \u00e9ponge certifi\u00e9 Oeko-Tex \u00e9galement (pour le cot\u00e9 absorbant). Leurs dimensions est de 21,5&#215;23,5 cm \u00a0 Laissez vous donc s\u00e9duire par cette d\u00e9marche z\u00e9ro d\u00e9chet qui vous fera une touche de d\u00e9co dans votre cuisine ou pour offrir. Origami \/ Bleu Fleurs \/ Bleu Fleurs \/ Corail Fleurs \/ Jaune Vintage\/ Gris Eventails\/ Rose Rosaces\/ Kaki Rouge Creme \u00a0 Conseils d&rsquo;entretien : -Lavage \u00e0 30\u00b0C (mettre de pr\u00e9f\u00e9rence dans un filet)-S\u00e9chage doux-Pas de produits de blanchiment&nbsp;! Une fois lav\u00e9, il ne vous reste plus qu\u2019\u00e0 reformer votre rouleau et c\u2019est reparti pour un tour&nbsp;! PaulineCr\u00e9ationsFR","og_url":"https:\/\/www.paulinecreations.fr\/?page_id=292","og_site_name":"PaulineCreations","article_modified_time":"2022-08-04T11:54:18+00:00","og_image":[{"url":"https:\/\/www.paulinecreations.fr\/wp-content\/uploads\/2022\/03\/20220321_163624-150x150.jpg","type":"","width":"","height":""}],"twitter_card":"summary_large_image","twitter_misc":{"Dur\u00e9e de lecture estim\u00e9e":"1 minute"},"schema":{"@context":"https:\/\/schema.org","@graph":[{"@type":"WebPage","@id":"https:\/\/www.paulinecreations.fr\/?page_id=292","url":"https:\/\/www.paulinecreations.fr\/?page_id=292","name":"Essuie-tout - PaulineCreations","isPartOf":{"@id":"https:\/\/www.paulinecreations.fr\/#website"},"primaryImageOfPage":{"@id":"https:\/\/www.paulinecreations.fr\/?page_id=292#primaryimage"},"image":{"@id":"https:\/\/www.paulinecreations.fr\/?page_id=292#primaryimage"},"thumbnailUrl":"https:\/\/www.paulinecreations.fr\/wp-content\/uploads\/2022\/03\/20220321_163624-150x150.jpg","datePublished":"2022-04-06T19:49:45+00:00","dateModified":"2022-08-04T11:54:18+00:00","breadcrumb":{"@id":"https:\/\/www.paulinecreations.fr\/?page_id=292#breadcrumb"},"inLanguage":"fr-FR","potentialAction":[{"@type":"ReadAction","target":["https:\/\/www.paulinecreations.fr\/?page_id=292"]}]},{"@type":"ImageObject","inLanguage":"fr-FR","@id":"https:\/\/www.paulinecreations.fr\/?page_id=292#primaryimage","url":"https:\/\/www.paulinecreations.fr\/wp-content\/uploads\/2022\/03\/20220321_163624-scaled.jpg","contentUrl":"https:\/\/www.paulinecreations.fr\/wp-content\/uploads\/2022\/03\/20220321_163624-scaled.jpg","width":1440,"height":1920,"caption":"Origami \/ Bleu"},{"@type":"BreadcrumbList","@id":"https:\/\/www.paulinecreations.fr\/?page_id=292#breadcrumb","itemListElement":[{"@type":"ListItem","position":1,"name":"Accueil","item":"https:\/\/www.paulinecreations.fr\/"},{"@type":"ListItem","position":2,"name":"Essuie-tout"}]},{"@type":"WebSite","@id":"https:\/\/www.paulinecreations.fr\/#website","url":"https:\/\/www.paulinecreations.fr\/","name":"PaulineCreations","description":"Cr\u00e9ations fait mains","publisher":{"@id":"https:\/\/www.paulinecreations.fr\/#organization"},"potentialAction":[{"@type":"SearchAction","target":{"@type":"EntryPoint","urlTemplate":"https:\/\/www.paulinecreations.fr\/?s={search_term_string}"},"query-input":{"@type":"PropertyValueSpecification","valueRequired":true,"valueName":"search_term_string"}}],"inLanguage":"fr-FR"},{"@type":"Organization","@id":"https:\/\/www.paulinecreations.fr\/#organization","name":"PaulineCreations","url":"https:\/\/www.paulinecreations.fr\/","logo":{"@type":"ImageObject","inLanguage":"fr-FR","@id":"https:\/\/www.paulinecreations.fr\/#\/schema\/logo\/image\/","url":"https:\/\/www.paulinecreations.fr\/wp-content\/uploads\/2022\/03\/cropped-cropped-IMG-20210805-WA0000-1.jpg","contentUrl":"https:\/\/www.paulinecreations.fr\/wp-content\/uploads\/2022\/03\/cropped-cropped-IMG-20210805-WA0000-1.jpg","width":1568,"height":697,"caption":"PaulineCreations"},"image":{"@id":"https:\/\/www.paulinecreations.fr\/#\/schema\/logo\/image\/"}}]}},"_links":{"self":[{"href":"https:\/\/www.paulinecreations.fr\/index.php?rest_route=\/wp\/v2\/pages\/292","targetHints":{"allow":["GET"]}}],"collection":[{"href":"https:\/\/www.paulinecreations.fr\/index.php?rest_route=\/wp\/v2\/pages"}],"about":[{"href":"https:\/\/www.paulinecreations.fr\/index.php?rest_route=\/wp\/v2\/types\/page"}],"author":[{"embeddable":true,"href":"https:\/\/www.paulinecreations.fr\/index.php?rest_route=\/wp\/v2\/users\/1"}],"replies":[{"embeddable":true,"href":"https:\/\/www.paulinecreations.fr\/index.php?rest_route=%2Fwp%2Fv2%2Fcomments&post=292"}],"version-history":[{"count":1,"href":"https:\/\/www.paulinecreations.fr\/index.php?rest_route=\/wp\/v2\/pages\/292\/revisions"}],"predecessor-version":[{"id":1286,"href":"https:\/\/www.paulinecreations.fr\/index.php?rest_route=\/wp\/v2\/pages\/292\/revisions\/1286"}],"wp:attachment":[{"href":"https:\/\/www.paulinecreations.fr\/index.php?rest_route=%2Fwp%2Fv2%2Fmedia&parent=292"}],"curies":[{"name":"wp","href":"https:\/\/api.w.org\/{rel}","templated":true}]}}