{"id":286,"date":"2022-04-06T21:47:58","date_gmt":"2022-04-06T19:47:58","guid":{"rendered":"http:\/\/dev.paulinecreations.fr\/?page_id=286"},"modified":"2022-08-07T16:49:03","modified_gmt":"2022-08-07T14:49:03","slug":"les-lots-de-lingettes","status":"publish","type":"page","link":"https:\/\/www.paulinecreations.fr\/?page_id=286","title":{"rendered":"Les lots de lingettes"},"content":{"rendered":"\t\t<div data-elementor-type=\"wp-page\" data-elementor-id=\"286\" class=\"elementor elementor-286\" data-elementor-post-type=\"page\">\n\t\t\t\t\t\t<section class=\"elementor-section elementor-top-section elementor-element elementor-element-1dbba4de elementor-section-boxed elementor-section-height-default elementor-section-height-default\" data-id=\"1dbba4de\" data-element_type=\"section\" data-e-type=\"section\">\n\t\t\t\t\t\t<div class=\"elementor-container elementor-column-gap-default\">\n\t\t\t\t\t<div class=\"elementor-column elementor-col-100 elementor-top-column elementor-element elementor-element-6abec0b4\" data-id=\"6abec0b4\" data-element_type=\"column\" data-e-type=\"column\">\n\t\t\t<div class=\"elementor-widget-wrap elementor-element-populated\">\n\t\t\t\t\t\t<div class=\"elementor-element elementor-element-108e641e elementor-widget elementor-widget-text-editor\" data-id=\"108e641e\" data-element_type=\"widget\" data-e-type=\"widget\" data-widget_type=\"text-editor.default\">\n\t\t\t\t<div class=\"elementor-widget-container\">\n\t\t\t\t\t\t\t\t\t<p>Dans une d\u00e9marche z\u00e9ro d\u00e9chet, les lingettes r\u00e9utilisables et lavables vous permettront de vous d\u00e9barrasser de vos cotons jetables.<br \/>Le lot comprend 10 lingettes r\u00e9utilisables pour 10\u20ac.<\/p>\n<p>Le dessus des lingettes est r\u00e9alis\u00e9 avec du tissus \u00e0 motifs en coton certifi\u00e9 Oeko-Tex et le dessous des lingettes avec un tissu \u00e9ponge certifi\u00e9 Oeko-Tex \u00e9galement.<\/p>\n<p>La dimension des lingettes est de 10x10cm.Laissez vous donc s\u00e9duire par cette d\u00e9marche z\u00e9ro d\u00e9chet qui sera un accessoire id\u00e9al pour vous d\u00e9maquiller, pour la toilette de votre b\u00e9b\u00e9 ou m\u00eame pour offrir.<\/p>\t\t\t\t\t\t\t\t<\/div>\n\t\t\t\t<\/div>\n\t\t\t\t\t<\/div>\n\t\t<\/div>\n\t\t\t\t\t<\/div>\n\t\t<\/section>\n\t\t\t\t<section class=\"elementor-section elementor-top-section elementor-element elementor-element-2b81c9f elementor-section-boxed elementor-section-height-default elementor-section-height-default\" data-id=\"2b81c9f\" data-element_type=\"section\" data-e-type=\"section\">\n\t\t\t\t\t\t<div class=\"elementor-container elementor-column-gap-default\">\n\t\t\t\t\t<div class=\"elementor-column elementor-col-100 elementor-top-column elementor-element elementor-element-627097d\" data-id=\"627097d\" data-element_type=\"column\" data-e-type=\"column\">\n\t\t\t<div class=\"elementor-widget-wrap elementor-element-populated\">\n\t\t\t\t\t\t<div class=\"elementor-element elementor-element-40a6b96 gallery-spacing-custom elementor-widget elementor-widget-image-gallery\" data-id=\"40a6b96\" data-element_type=\"widget\" data-e-type=\"widget\" data-widget_type=\"image-gallery.default\">\n\t\t\t\t<div class=\"elementor-widget-container\">\n\t\t\t\t\t\t\t<div class=\"elementor-image-gallery\">\n\t\t\t<div id='gallery-1' class='gallery galleryid-286 gallery-columns-3 gallery-size-thumbnail'><figure class='gallery-item'>\n\t\t\t<div class='gallery-icon portrait'>\n\t\t\t\t<a data-elementor-open-lightbox=\"yes\" data-elementor-lightbox-slideshow=\"40a6b96\" data-elementor-lightbox-title=\"foret\" data-e-action-hash=\"#elementor-action%3Aaction%3Dlightbox%26settings%3DeyJpZCI6NDM0LCJ1cmwiOiJodHRwczpcL1wvd3d3LnBhdWxpbmVjcmVhdGlvbnMuZnJcL3dwLWNvbnRlbnRcL3VwbG9hZHNcLzIwMjJcLzA0XC8yMDIyMDQxMl8xNzIwNTYtc2NhbGVkLmpwZyIsInNsaWRlc2hvdyI6IjQwYTZiOTYifQ%3D%3D\" href='https:\/\/www.paulinecreations.fr\/wp-content\/uploads\/2022\/04\/20220412_172056-scaled.jpg'><img decoding=\"async\" width=\"150\" height=\"150\" src=\"https:\/\/www.paulinecreations.fr\/wp-content\/uploads\/2022\/04\/20220412_172056-150x150.jpg\" class=\"attachment-thumbnail size-thumbnail\" alt=\"\" aria-describedby=\"gallery-1-434\" srcset=\"https:\/\/www.paulinecreations.fr\/wp-content\/uploads\/2022\/04\/20220412_172056-150x150.jpg 150w, https:\/\/www.paulinecreations.fr\/wp-content\/uploads\/2022\/04\/20220412_172056-300x300.jpg 300w, https:\/\/www.paulinecreations.fr\/wp-content\/uploads\/2022\/04\/20220412_172056-scaled-100x100.jpg 100w, https:\/\/www.paulinecreations.fr\/wp-content\/uploads\/2022\/04\/20220412_172056-75x75.jpg 75w\" sizes=\"(max-width: 150px) 100vw, 150px\" \/><\/a>\n\t\t\t<\/div>\n\t\t\t\t<figcaption class='wp-caption-text gallery-caption' id='gallery-1-434'>\n\t\t\t\tFor\u00eat rose\n\t\t\t\t<\/figcaption><\/figure><figure class='gallery-item'>\n\t\t\t<div class='gallery-icon portrait'>\n\t\t\t\t<a data-elementor-open-lightbox=\"yes\" data-elementor-lightbox-slideshow=\"40a6b96\" data-elementor-lightbox-title=\"foret\" data-e-action-hash=\"#elementor-action%3Aaction%3Dlightbox%26settings%3DeyJpZCI6NDMzLCJ1cmwiOiJodHRwczpcL1wvd3d3LnBhdWxpbmVjcmVhdGlvbnMuZnJcL3dwLWNvbnRlbnRcL3VwbG9hZHNcLzIwMjJcLzA0XC8yMDIyMDQxMl8xNzIwNDItc2NhbGVkLmpwZyIsInNsaWRlc2hvdyI6IjQwYTZiOTYifQ%3D%3D\" href='https:\/\/www.paulinecreations.fr\/wp-content\/uploads\/2022\/04\/20220412_172042-scaled.jpg'><img decoding=\"async\" width=\"150\" height=\"150\" src=\"https:\/\/www.paulinecreations.fr\/wp-content\/uploads\/2022\/04\/20220412_172042-150x150.jpg\" class=\"attachment-thumbnail size-thumbnail\" alt=\"\" aria-describedby=\"gallery-1-433\" srcset=\"https:\/\/www.paulinecreations.fr\/wp-content\/uploads\/2022\/04\/20220412_172042-150x150.jpg 150w, https:\/\/www.paulinecreations.fr\/wp-content\/uploads\/2022\/04\/20220412_172042-300x300.jpg 300w, https:\/\/www.paulinecreations.fr\/wp-content\/uploads\/2022\/04\/20220412_172042-scaled-100x100.jpg 100w, https:\/\/www.paulinecreations.fr\/wp-content\/uploads\/2022\/04\/20220412_172042-75x75.jpg 75w\" sizes=\"(max-width: 150px) 100vw, 150px\" \/><\/a>\n\t\t\t<\/div>\n\t\t\t\t<figcaption class='wp-caption-text gallery-caption' id='gallery-1-433'>\n\t\t\t\tFor\u00eat  \n\t\t\t\t<\/figcaption><\/figure>\n\t\t<\/div>\n\t\t<\/div>\n\t\t\t\t\t\t<\/div>\n\t\t\t\t<\/div>\n\t\t\t\t\t<\/div>\n\t\t<\/div>\n\t\t\t\t\t<\/div>\n\t\t<\/section>\n\t\t\t\t<section class=\"elementor-section elementor-top-section elementor-element elementor-element-03ab36a elementor-section-boxed elementor-section-height-default elementor-section-height-default\" data-id=\"03ab36a\" data-element_type=\"section\" data-e-type=\"section\">\n\t\t\t\t\t\t<div class=\"elementor-container elementor-column-gap-default\">\n\t\t\t\t\t<div class=\"elementor-column elementor-col-100 elementor-top-column elementor-element elementor-element-bf005c6\" data-id=\"bf005c6\" data-element_type=\"column\" data-e-type=\"column\">\n\t\t\t<div class=\"elementor-widget-wrap elementor-element-populated\">\n\t\t\t\t\t\t<div class=\"elementor-element elementor-element-6ae7787 elementor-widget elementor-widget-text-editor\" data-id=\"6ae7787\" data-element_type=\"widget\" data-e-type=\"widget\" data-widget_type=\"text-editor.default\">\n\t\t\t\t<div class=\"elementor-widget-container\">\n\t\t\t\t\t\t\t\t\t<h4><strong><span style=\"text-decoration: underline;\">Conseils d&rsquo;entretien :<\/span> <\/strong><\/h4>\n<p>-Lavage \u00e0 30\u00b0C (mettre de pr\u00e9f\u00e9rence les lingettes d\u00e9maquillantes dans un filet avec une lingette)<br>-S\u00e9chage \u00e0 l\u2019air libre<br>-Repassage doux c\u00f4t\u00e9 tissu (attention \u00e0 ne pas repasser le c\u00f4t\u00e9 \u00e9ponge)<br>-Pas de produits de blanchiment&nbsp;!<\/p>\n<p>PaulineCr\u00e9ationsFR<\/p>\t\t\t\t\t\t\t\t<\/div>\n\t\t\t\t<\/div>\n\t\t\t\t\t<\/div>\n\t\t<\/div>\n\t\t\t\t\t<\/div>\n\t\t<\/section>\n\t\t\t\t<\/div>\n\t\t","protected":false},"excerpt":{"rendered":"<p>Dans une d\u00e9marche z\u00e9ro d\u00e9chet, les lingettes r\u00e9utilisables et lavables vous permettront de vous d\u00e9barrasser de vos cotons jetables.Le lot comprend 10 lingettes r\u00e9utilisables pour 10\u20ac. Le dessus des lingettes est r\u00e9alis\u00e9 avec du tissus \u00e0 motifs en coton certifi\u00e9 Oeko-Tex et le dessous des lingettes avec un tissu \u00e9ponge certifi\u00e9 Oeko-Tex \u00e9galement. La dimension des lingettes est de 10x10cm.Laissez vous donc s\u00e9duire par cette d\u00e9marche z\u00e9ro d\u00e9chet qui sera un accessoire id\u00e9al pour vous d\u00e9maquiller, pour la toilette de votre b\u00e9b\u00e9 ou m\u00eame pour offrir. For\u00eat rose For\u00eat Conseils d&rsquo;entretien : -Lavage \u00e0 30\u00b0C (mettre de pr\u00e9f\u00e9rence les lingettes d\u00e9maquillantes dans un filet avec une lingette)-S\u00e9chage \u00e0 l\u2019air libre-Repassage doux c\u00f4t\u00e9 tissu (attention \u00e0 ne pas repasser le c\u00f4t\u00e9 \u00e9ponge)-Pas de produits de blanchiment&nbsp;! PaulineCr\u00e9ationsFR<\/p>\n","protected":false},"author":1,"featured_media":0,"parent":0,"menu_order":0,"comment_status":"closed","ping_status":"closed","template":"","meta":{"footnotes":""},"class_list":["post-286","page","type-page","status-publish","hentry"],"yoast_head":"<!-- This site is optimized with the Yoast SEO plugin v27.0 - https:\/\/yoast.com\/product\/yoast-seo-wordpress\/ -->\n<title>Les lots de lingettes - PaulineCreations<\/title>\n<meta name=\"robots\" content=\"index, follow, max-snippet:-1, max-image-preview:large, max-video-preview:-1\" \/>\n<link rel=\"canonical\" href=\"https:\/\/www.paulinecreations.fr\/?page_id=286\" \/>\n<meta property=\"og:locale\" content=\"fr_FR\" \/>\n<meta property=\"og:type\" content=\"article\" \/>\n<meta property=\"og:title\" content=\"Les lots de lingettes - PaulineCreations\" \/>\n<meta property=\"og:description\" content=\"Dans une d\u00e9marche z\u00e9ro d\u00e9chet, les lingettes r\u00e9utilisables et lavables vous permettront de vous d\u00e9barrasser de vos cotons jetables.Le lot comprend 10 lingettes r\u00e9utilisables pour 10\u20ac. Le dessus des lingettes est r\u00e9alis\u00e9 avec du tissus \u00e0 motifs en coton certifi\u00e9 Oeko-Tex et le dessous des lingettes avec un tissu \u00e9ponge certifi\u00e9 Oeko-Tex \u00e9galement. La dimension des lingettes est de 10x10cm.Laissez vous donc s\u00e9duire par cette d\u00e9marche z\u00e9ro d\u00e9chet qui sera un accessoire id\u00e9al pour vous d\u00e9maquiller, pour la toilette de votre b\u00e9b\u00e9 ou m\u00eame pour offrir. For\u00eat rose For\u00eat Conseils d&rsquo;entretien : -Lavage \u00e0 30\u00b0C (mettre de pr\u00e9f\u00e9rence les lingettes d\u00e9maquillantes dans un filet avec une lingette)-S\u00e9chage \u00e0 l\u2019air libre-Repassage doux c\u00f4t\u00e9 tissu (attention \u00e0 ne pas repasser le c\u00f4t\u00e9 \u00e9ponge)-Pas de produits de blanchiment&nbsp;! PaulineCr\u00e9ationsFR\" \/>\n<meta property=\"og:url\" content=\"https:\/\/www.paulinecreations.fr\/?page_id=286\" \/>\n<meta property=\"og:site_name\" content=\"PaulineCreations\" \/>\n<meta property=\"article:modified_time\" content=\"2022-08-07T14:49:03+00:00\" \/>\n<meta property=\"og:image\" content=\"https:\/\/www.paulinecreations.fr\/wp-content\/uploads\/2022\/04\/20220412_172056-150x150.jpg\" \/>\n<meta name=\"twitter:card\" content=\"summary_large_image\" \/>\n<meta name=\"twitter:label1\" content=\"Dur\u00e9e de lecture estim\u00e9e\" \/>\n\t<meta name=\"twitter:data1\" content=\"1 minute\" \/>\n<script type=\"application\/ld+json\" class=\"yoast-schema-graph\">{\"@context\":\"https:\/\/schema.org\",\"@graph\":[{\"@type\":\"WebPage\",\"@id\":\"https:\/\/www.paulinecreations.fr\/?page_id=286\",\"url\":\"https:\/\/www.paulinecreations.fr\/?page_id=286\",\"name\":\"Les lots de lingettes - PaulineCreations\",\"isPartOf\":{\"@id\":\"https:\/\/www.paulinecreations.fr\/#website\"},\"primaryImageOfPage\":{\"@id\":\"https:\/\/www.paulinecreations.fr\/?page_id=286#primaryimage\"},\"image\":{\"@id\":\"https:\/\/www.paulinecreations.fr\/?page_id=286#primaryimage\"},\"thumbnailUrl\":\"https:\/\/www.paulinecreations.fr\/wp-content\/uploads\/2022\/04\/20220412_172056-150x150.jpg\",\"datePublished\":\"2022-04-06T19:47:58+00:00\",\"dateModified\":\"2022-08-07T14:49:03+00:00\",\"breadcrumb\":{\"@id\":\"https:\/\/www.paulinecreations.fr\/?page_id=286#breadcrumb\"},\"inLanguage\":\"fr-FR\",\"potentialAction\":[{\"@type\":\"ReadAction\",\"target\":[\"https:\/\/www.paulinecreations.fr\/?page_id=286\"]}]},{\"@type\":\"ImageObject\",\"inLanguage\":\"fr-FR\",\"@id\":\"https:\/\/www.paulinecreations.fr\/?page_id=286#primaryimage\",\"url\":\"https:\/\/www.paulinecreations.fr\/wp-content\/uploads\/2022\/04\/20220412_172056-scaled.jpg\",\"contentUrl\":\"https:\/\/www.paulinecreations.fr\/wp-content\/uploads\/2022\/04\/20220412_172056-scaled.jpg\",\"width\":1440,\"height\":1920,\"caption\":\"For\u00eat rose\"},{\"@type\":\"BreadcrumbList\",\"@id\":\"https:\/\/www.paulinecreations.fr\/?page_id=286#breadcrumb\",\"itemListElement\":[{\"@type\":\"ListItem\",\"position\":1,\"name\":\"Accueil\",\"item\":\"https:\/\/www.paulinecreations.fr\/\"},{\"@type\":\"ListItem\",\"position\":2,\"name\":\"Les lots de lingettes\"}]},{\"@type\":\"WebSite\",\"@id\":\"https:\/\/www.paulinecreations.fr\/#website\",\"url\":\"https:\/\/www.paulinecreations.fr\/\",\"name\":\"PaulineCreations\",\"description\":\"Cr\u00e9ations fait mains\",\"publisher\":{\"@id\":\"https:\/\/www.paulinecreations.fr\/#organization\"},\"potentialAction\":[{\"@type\":\"SearchAction\",\"target\":{\"@type\":\"EntryPoint\",\"urlTemplate\":\"https:\/\/www.paulinecreations.fr\/?s={search_term_string}\"},\"query-input\":{\"@type\":\"PropertyValueSpecification\",\"valueRequired\":true,\"valueName\":\"search_term_string\"}}],\"inLanguage\":\"fr-FR\"},{\"@type\":\"Organization\",\"@id\":\"https:\/\/www.paulinecreations.fr\/#organization\",\"name\":\"PaulineCreations\",\"url\":\"https:\/\/www.paulinecreations.fr\/\",\"logo\":{\"@type\":\"ImageObject\",\"inLanguage\":\"fr-FR\",\"@id\":\"https:\/\/www.paulinecreations.fr\/#\/schema\/logo\/image\/\",\"url\":\"https:\/\/www.paulinecreations.fr\/wp-content\/uploads\/2022\/03\/cropped-cropped-IMG-20210805-WA0000-1.jpg\",\"contentUrl\":\"https:\/\/www.paulinecreations.fr\/wp-content\/uploads\/2022\/03\/cropped-cropped-IMG-20210805-WA0000-1.jpg\",\"width\":1568,\"height\":697,\"caption\":\"PaulineCreations\"},\"image\":{\"@id\":\"https:\/\/www.paulinecreations.fr\/#\/schema\/logo\/image\/\"}}]}<\/script>\n<!-- \/ Yoast SEO plugin. -->","yoast_head_json":{"title":"Les lots de lingettes - PaulineCreations","robots":{"index":"index","follow":"follow","max-snippet":"max-snippet:-1","max-image-preview":"max-image-preview:large","max-video-preview":"max-video-preview:-1"},"canonical":"https:\/\/www.paulinecreations.fr\/?page_id=286","og_locale":"fr_FR","og_type":"article","og_title":"Les lots de lingettes - PaulineCreations","og_description":"Dans une d\u00e9marche z\u00e9ro d\u00e9chet, les lingettes r\u00e9utilisables et lavables vous permettront de vous d\u00e9barrasser de vos cotons jetables.Le lot comprend 10 lingettes r\u00e9utilisables pour 10\u20ac. Le dessus des lingettes est r\u00e9alis\u00e9 avec du tissus \u00e0 motifs en coton certifi\u00e9 Oeko-Tex et le dessous des lingettes avec un tissu \u00e9ponge certifi\u00e9 Oeko-Tex \u00e9galement. La dimension des lingettes est de 10x10cm.Laissez vous donc s\u00e9duire par cette d\u00e9marche z\u00e9ro d\u00e9chet qui sera un accessoire id\u00e9al pour vous d\u00e9maquiller, pour la toilette de votre b\u00e9b\u00e9 ou m\u00eame pour offrir. For\u00eat rose For\u00eat Conseils d&rsquo;entretien : -Lavage \u00e0 30\u00b0C (mettre de pr\u00e9f\u00e9rence les lingettes d\u00e9maquillantes dans un filet avec une lingette)-S\u00e9chage \u00e0 l\u2019air libre-Repassage doux c\u00f4t\u00e9 tissu (attention \u00e0 ne pas repasser le c\u00f4t\u00e9 \u00e9ponge)-Pas de produits de blanchiment&nbsp;! PaulineCr\u00e9ationsFR","og_url":"https:\/\/www.paulinecreations.fr\/?page_id=286","og_site_name":"PaulineCreations","article_modified_time":"2022-08-07T14:49:03+00:00","og_image":[{"url":"https:\/\/www.paulinecreations.fr\/wp-content\/uploads\/2022\/04\/20220412_172056-150x150.jpg","type":"","width":"","height":""}],"twitter_card":"summary_large_image","twitter_misc":{"Dur\u00e9e de lecture estim\u00e9e":"1 minute"},"schema":{"@context":"https:\/\/schema.org","@graph":[{"@type":"WebPage","@id":"https:\/\/www.paulinecreations.fr\/?page_id=286","url":"https:\/\/www.paulinecreations.fr\/?page_id=286","name":"Les lots de lingettes - PaulineCreations","isPartOf":{"@id":"https:\/\/www.paulinecreations.fr\/#website"},"primaryImageOfPage":{"@id":"https:\/\/www.paulinecreations.fr\/?page_id=286#primaryimage"},"image":{"@id":"https:\/\/www.paulinecreations.fr\/?page_id=286#primaryimage"},"thumbnailUrl":"https:\/\/www.paulinecreations.fr\/wp-content\/uploads\/2022\/04\/20220412_172056-150x150.jpg","datePublished":"2022-04-06T19:47:58+00:00","dateModified":"2022-08-07T14:49:03+00:00","breadcrumb":{"@id":"https:\/\/www.paulinecreations.fr\/?page_id=286#breadcrumb"},"inLanguage":"fr-FR","potentialAction":[{"@type":"ReadAction","target":["https:\/\/www.paulinecreations.fr\/?page_id=286"]}]},{"@type":"ImageObject","inLanguage":"fr-FR","@id":"https:\/\/www.paulinecreations.fr\/?page_id=286#primaryimage","url":"https:\/\/www.paulinecreations.fr\/wp-content\/uploads\/2022\/04\/20220412_172056-scaled.jpg","contentUrl":"https:\/\/www.paulinecreations.fr\/wp-content\/uploads\/2022\/04\/20220412_172056-scaled.jpg","width":1440,"height":1920,"caption":"For\u00eat rose"},{"@type":"BreadcrumbList","@id":"https:\/\/www.paulinecreations.fr\/?page_id=286#breadcrumb","itemListElement":[{"@type":"ListItem","position":1,"name":"Accueil","item":"https:\/\/www.paulinecreations.fr\/"},{"@type":"ListItem","position":2,"name":"Les lots de lingettes"}]},{"@type":"WebSite","@id":"https:\/\/www.paulinecreations.fr\/#website","url":"https:\/\/www.paulinecreations.fr\/","name":"PaulineCreations","description":"Cr\u00e9ations fait mains","publisher":{"@id":"https:\/\/www.paulinecreations.fr\/#organization"},"potentialAction":[{"@type":"SearchAction","target":{"@type":"EntryPoint","urlTemplate":"https:\/\/www.paulinecreations.fr\/?s={search_term_string}"},"query-input":{"@type":"PropertyValueSpecification","valueRequired":true,"valueName":"search_term_string"}}],"inLanguage":"fr-FR"},{"@type":"Organization","@id":"https:\/\/www.paulinecreations.fr\/#organization","name":"PaulineCreations","url":"https:\/\/www.paulinecreations.fr\/","logo":{"@type":"ImageObject","inLanguage":"fr-FR","@id":"https:\/\/www.paulinecreations.fr\/#\/schema\/logo\/image\/","url":"https:\/\/www.paulinecreations.fr\/wp-content\/uploads\/2022\/03\/cropped-cropped-IMG-20210805-WA0000-1.jpg","contentUrl":"https:\/\/www.paulinecreations.fr\/wp-content\/uploads\/2022\/03\/cropped-cropped-IMG-20210805-WA0000-1.jpg","width":1568,"height":697,"caption":"PaulineCreations"},"image":{"@id":"https:\/\/www.paulinecreations.fr\/#\/schema\/logo\/image\/"}}]}},"_links":{"self":[{"href":"https:\/\/www.paulinecreations.fr\/index.php?rest_route=\/wp\/v2\/pages\/286","targetHints":{"allow":["GET"]}}],"collection":[{"href":"https:\/\/www.paulinecreations.fr\/index.php?rest_route=\/wp\/v2\/pages"}],"about":[{"href":"https:\/\/www.paulinecreations.fr\/index.php?rest_route=\/wp\/v2\/types\/page"}],"author":[{"embeddable":true,"href":"https:\/\/www.paulinecreations.fr\/index.php?rest_route=\/wp\/v2\/users\/1"}],"replies":[{"embeddable":true,"href":"https:\/\/www.paulinecreations.fr\/index.php?rest_route=%2Fwp%2Fv2%2Fcomments&post=286"}],"version-history":[{"count":0,"href":"https:\/\/www.paulinecreations.fr\/index.php?rest_route=\/wp\/v2\/pages\/286\/revisions"}],"wp:attachment":[{"href":"https:\/\/www.paulinecreations.fr\/index.php?rest_route=%2Fwp%2Fv2%2Fmedia&parent=286"}],"curies":[{"name":"wp","href":"https:\/\/api.w.org\/{rel}","templated":true}]}}